{"id":566,"date":"2012-12-06T19:18:44","date_gmt":"2012-12-06T19:18:44","guid":{"rendered":"https:\/\/www.inet.edu.ar\/?page_id=566"},"modified":"2023-06-05T13:07:42","modified_gmt":"2023-06-05T16:07:42","slug":"cosmologia","status":"publish","type":"page","link":"https:\/\/www.inet.edu.ar\/index.php\/material-de-capacitacion\/nueva-serie-de-libros\/cosmologia\/","title":{"rendered":"Cosmolog\u00eda"},"content":{"rendered":"<p><a href=\"https:\/\/www.inet.edu.ar\/wp-content\/uploads\/2012\/12\/Cosmologia-tapa.png\"><img loading=\"lazy\" decoding=\"async\" class=\"alignleft wp-image-568\" title=\"Cosmolog\u00eda - Tapa\" src=\"https:\/\/www.inet.edu.ar\/wp-content\/uploads\/2012\/12\/Cosmologia-tapa.png\" alt=\"\" width=\"200\" height=\"252\" \/><\/a><\/p>\n<p>En este volumen describimos las distintas y exitosas predicciones te\u00f3ricas de los modelos del Big Bang. Explicamos c\u00f3mo fue que surgieron los n\u00facleos de los elementos m\u00e1s livianos: excepcional predicci\u00f3n que nos permite conocer c\u00f3mo era el universo cuando \u00e9ste contaba con apenas minutos de vida, y se comportaba como un reactor nuclear c\u00f3smico. Tambi\u00e9n hablamos sobre un vestigio lejano de las \u00e9pocas m\u00e1s tempranas de nuestro universo, un fr\u00edo ba\u00f1o de radiaci\u00f3n que inunda el cosmos y al que llamamos la radiaci\u00f3n c\u00f3smica de fondo: peque\u00f1as variaciones en su intensidad, permitieron a los cosm\u00f3logos \u00abpesar\u00bb el universo y estimar la cantidad y tipo de materia-energ\u00eda que \u00e9ste contiene. Tambi\u00e9n nos ofreci\u00f3 una visi\u00f3n din\u00e1mica de los primeros \u00abgrumos\u00bb de materia que se formaron miles de millones de a\u00f1os atr\u00e1s. El libro cuenta con un extenso glosario de t\u00e9rminos nuevos y con m\u00faltiples actividades de aplicaci\u00f3n, enfocadas a la resoluci\u00f3n de problemas que responden a varias situaciones problem\u00e1ticas donde se ponen en juego la aplicaci\u00f3n e integraci\u00f3n de conocimientos de un alto nivel de abstracci\u00f3n.<\/p>\n<h2>Autores<\/h2>\n<p><strong>1) Alejandro Gangui<br \/>\n<\/strong>Doctor en F\u00edsica<\/p>\n<h2><span style=\"line-height: 14.699999809265137px;\">Descargas<\/span><\/h2>\n<p><a href=\"https:\/\/www.inet.edu.ar\/wp-content\/uploads\/2023\/06\/Cosmologia.pdf\" target=\"_blank\" rel=\"noopener\">Cosmolog\u00eda<\/a><\/p>\n","protected":false},"excerpt":{"rendered":"<p>En este volumen describimos las distintas y exitosas predicciones te\u00f3ricas de los modelos del Big Bang. Explicamos c\u00f3mo fue que surgieron los n\u00facleos de los elementos m\u00e1s livianos: excepcional predicci\u00f3n que nos permite conocer c\u00f3mo era el universo cuando \u00e9ste contaba con apenas minutos de vida, y se comportaba como un reactor nuclear c\u00f3smico. Tambi\u00e9n [&hellip;]<\/p>\n","protected":false},"author":3,"featured_media":0,"parent":526,"menu_order":3,"comment_status":"closed","ping_status":"open","template":"","meta":{"footnotes":""},"class_list":["post-566","page","type-page","status-publish","hentry"],"_links":{"self":[{"href":"https:\/\/www.inet.edu.ar\/index.php\/wp-json\/wp\/v2\/pages\/566","targetHints":{"allow":["GET"]}}],"collection":[{"href":"https:\/\/www.inet.edu.ar\/index.php\/wp-json\/wp\/v2\/pages"}],"about":[{"href":"https:\/\/www.inet.edu.ar\/index.php\/wp-json\/wp\/v2\/types\/page"}],"author":[{"embeddable":true,"href":"https:\/\/www.inet.edu.ar\/index.php\/wp-json\/wp\/v2\/users\/3"}],"replies":[{"embeddable":true,"href":"https:\/\/www.inet.edu.ar\/index.php\/wp-json\/wp\/v2\/comments?post=566"}],"version-history":[{"count":5,"href":"https:\/\/www.inet.edu.ar\/index.php\/wp-json\/wp\/v2\/pages\/566\/revisions"}],"predecessor-version":[{"id":37622,"href":"https:\/\/www.inet.edu.ar\/index.php\/wp-json\/wp\/v2\/pages\/566\/revisions\/37622"}],"up":[{"embeddable":true,"href":"https:\/\/www.inet.edu.ar\/index.php\/wp-json\/wp\/v2\/pages\/526"}],"wp:attachment":[{"href":"https:\/\/www.inet.edu.ar\/index.php\/wp-json\/wp\/v2\/media?parent=566"}],"curies":[{"name":"wp","href":"https:\/\/api.w.org\/{rel}","templated":true}]}}