{"id":573,"date":"2012-12-06T19:52:39","date_gmt":"2012-12-06T19:52:39","guid":{"rendered":"https:\/\/www.inet.edu.ar\/?page_id=573"},"modified":"2019-09-23T14:49:29","modified_gmt":"2019-09-23T17:49:29","slug":"de-la-tierra-y-los-planetas-rocosos","status":"publish","type":"page","link":"https:\/\/www.inet.edu.ar\/index.php\/material-de-capacitacion\/nueva-serie-de-libros\/de-la-tierra-y-los-planetas-rocosos\/","title":{"rendered":"De la tierra y los planetas rocosos"},"content":{"rendered":"<p><a href=\"https:\/\/www.inet.edu.ar\/wp-content\/uploads\/2012\/12\/De-la-Tierra-y-los-planetas-rocosos-tapa.png\"><img loading=\"lazy\" decoding=\"async\" class=\"wp-image-576 alignleft\" title=\"De la Tierra y los planetas rocosos - Tapa\" src=\"https:\/\/www.inet.edu.ar\/wp-content\/uploads\/2012\/12\/De-la-Tierra-y-los-planetas-rocosos-tapa.png\" alt=\"\" width=\"244\" height=\"306\" \/><\/a><\/p>\n<p>Durante siglos se ha debatido intensamente la forma en la cual los rasgos que reconocemos sobre la superficie de la Tierra se han formado, tales como las cuencas oce\u00e1nicas, las cordilleras, los volcanes. Pero tan s\u00f3lo hace cuatro d\u00e9cadas el entendimiento de los procesos que operan internamente en nuestro planeta y lo modelan superficialmente se ha revelado. Los fondos oce\u00e1nicos se expanden lateralmente empujando a los continentes alojados en sus periferias. Sus bordes se aplastan dando lugar al desarrollo de monta\u00f1as. Estas crecen hasta alcanzar valores cr\u00edticos a partir de los cuales de desmoronan. Algunos fondos oce\u00e1nicos se hunden hacia el interior terrestre perdi\u00e9ndose a miles de kil\u00f3metros de profundidad y consigo arrastran partes de continentes que son succionadas bajo el nivel del mar. Gigantescas columnas de material fundido ascienden desde las profundidades hacia la superficie levant\u00e1ndola, agriet\u00e1ndola y rompiendo a los continentes y a los fondos oce\u00e1nicos. Esta din\u00e1mica apabullante puede ser explicada hoy, gracias al alto nivel de entendimiento alcanzado, en una forma relativamente sencilla apelando a ejemplos cotidianos y a cierto nivel de abstracci\u00f3n. Este es el objetivo que trataremos de alcanzar a trav\u00e9s de tan s\u00f3lo una introducci\u00f3n y cuatro cap\u00edtulos que conforman la totalidad de este libro. Esta obra no es un tratado extensivo acerca de la Geolog\u00eda, sino una introducci\u00f3n a aquellos procesos de primer orden que han definido y definen el relieve terrestre y que han desvelado a nuestros antepasados, los que no han tenido la suerte de conocerlos.<\/p>\n<p>&nbsp;<\/p>\n<h2>Autores<\/h2>\n<ul>\n<li><strong>Andr\u00e9s Folguera<br \/>\n<\/strong>Doctor en Geolog\u00eda<\/li>\n<li><strong>Mauro G. Spagnuolo<br \/>\n<\/strong>Licenciado en Geolog\u00eda<\/li>\n<\/ul>\n<p>&nbsp;<\/p>\n<h2><span style=\"line-height: 14.683333396911621px;\">Descarga<\/span><\/h2>\n<p><a href=\"https:\/\/www.inet.edu.ar\/wp-content\/uploads\/2019\/09\/Delatierraylosplanetasrocosos.pdf\">De la tierra y los planetas rocosos<\/a><\/p>\n","protected":false},"excerpt":{"rendered":"<p>Durante siglos se ha debatido intensamente la forma en la cual los rasgos que reconocemos sobre la superficie de la Tierra se han formado, tales como las cuencas oce\u00e1nicas, las cordilleras, los volcanes. Pero tan s\u00f3lo hace cuatro d\u00e9cadas el entendimiento de los procesos que operan internamente en nuestro planeta y lo modelan superficialmente se [&hellip;]<\/p>\n","protected":false},"author":3,"featured_media":0,"parent":526,"menu_order":4,"comment_status":"closed","ping_status":"open","template":"","meta":{"footnotes":""},"class_list":["post-573","page","type-page","status-publish","hentry"],"_links":{"self":[{"href":"https:\/\/www.inet.edu.ar\/index.php\/wp-json\/wp\/v2\/pages\/573","targetHints":{"allow":["GET"]}}],"collection":[{"href":"https:\/\/www.inet.edu.ar\/index.php\/wp-json\/wp\/v2\/pages"}],"about":[{"href":"https:\/\/www.inet.edu.ar\/index.php\/wp-json\/wp\/v2\/types\/page"}],"author":[{"embeddable":true,"href":"https:\/\/www.inet.edu.ar\/index.php\/wp-json\/wp\/v2\/users\/3"}],"replies":[{"embeddable":true,"href":"https:\/\/www.inet.edu.ar\/index.php\/wp-json\/wp\/v2\/comments?post=573"}],"version-history":[{"count":6,"href":"https:\/\/www.inet.edu.ar\/index.php\/wp-json\/wp\/v2\/pages\/573\/revisions"}],"predecessor-version":[{"id":31208,"href":"https:\/\/www.inet.edu.ar\/index.php\/wp-json\/wp\/v2\/pages\/573\/revisions\/31208"}],"up":[{"embeddable":true,"href":"https:\/\/www.inet.edu.ar\/index.php\/wp-json\/wp\/v2\/pages\/526"}],"wp:attachment":[{"href":"https:\/\/www.inet.edu.ar\/index.php\/wp-json\/wp\/v2\/media?parent=573"}],"curies":[{"name":"wp","href":"https:\/\/api.w.org\/{rel}","templated":true}]}}