{"id":600,"date":"2012-12-17T02:22:16","date_gmt":"2012-12-17T02:22:16","guid":{"rendered":"https:\/\/www.inet.edu.ar\/?page_id=600"},"modified":"2023-06-05T13:11:51","modified_gmt":"2023-06-05T16:11:51","slug":"electricidad-y-electronica","status":"publish","type":"page","link":"https:\/\/www.inet.edu.ar\/index.php\/material-de-capacitacion\/nueva-serie-de-libros\/electricidad-y-electronica\/","title":{"rendered":"Electricidad y Electr\u00f3nica"},"content":{"rendered":"<p><a href=\"https:\/\/www.inet.edu.ar\/wp-content\/uploads\/2012\/12\/Electricidad-y-electronica-tapa.png\"><img loading=\"lazy\" decoding=\"async\" class=\"alignleft wp-image-602\" title=\"Electricidad-y-electronica---tapa\" src=\"https:\/\/www.inet.edu.ar\/wp-content\/uploads\/2012\/12\/Electricidad-y-electronica-tapa.png\" alt=\"\" width=\"200\" height=\"259\" \/><\/a><\/p>\n<p>Es una obra destinada a estudiantes y docentes de la educaci\u00f3n secundaria. Estas dos ramas de la f\u00edsica, la electricidad y la electr\u00f3nica, que tienen un gran desarrollo desde el siglo XX, influyen hoy en la vida cotidiana de toda la poblaci\u00f3n. Lejos de ser un manual exhaustivo, el libro intenta complementar las publicaciones existentes sobre la tem\u00e1tica.<\/p>\n<p>En este libro se desarrollan los n\u00facleos de dificultad conceptual m\u00e1s frecuentes en la pr\u00e1ctica de estudio y en la profesional. Hay referencias a los v\u00ednculos de la electricidad y la electr\u00f3nica con otros hechos de la realidad social, la historia y la cultura, y se incluyen propuestas de observaci\u00f3n y experimentaci\u00f3n con materiales accesibles, que ayudan a los estudiantes de esta era tecnol\u00f3gica a adquirir conocimientos actualizados, y a los docentes a profundizar las tem\u00e1ticas aqu\u00ed presentadas. Los diez cap\u00edtulos de electricidad y los diez de electr\u00f3nica, comprenden fundamentos y aplicaciones de: electrost\u00e1tica, electrodin\u00e1mica, magnetost\u00e1tica, inducci\u00f3n magn\u00e9tica, materiales, generaci\u00f3n, distribuci\u00f3n, diodos, v\u00e1lvulas, transistores, nuevos componentes, circuitos integrados, amplificadores operacionales, fundamentos de t\u00e9cnicas digitales, herramientas de experimentaci\u00f3n y dise\u00f1o, software, y la relaci\u00f3n entre estas tecnolog\u00edas y el cuidado del medio ambiente.<\/p>\n<h2>Autores<\/h2>\n<ul>\n<li>Lic. Agust\u00edn Rela<\/li>\n<\/ul>\n<h2>Descargas<\/h2>\n<p><a href=\"https:\/\/www.inet.edu.ar\/wp-content\/uploads\/2023\/06\/Electricidad-y-Electronica.pdf\" target=\"_blank\" rel=\"noopener\">Electricidad y Electr\u00f3nica<\/a><\/p>\n","protected":false},"excerpt":{"rendered":"<p>Es una obra destinada a estudiantes y docentes de la educaci\u00f3n secundaria. Estas dos ramas de la f\u00edsica, la electricidad y la electr\u00f3nica, que tienen un gran desarrollo desde el siglo XX, influyen hoy en la vida cotidiana de toda la poblaci\u00f3n. Lejos de ser un manual exhaustivo, el libro intenta complementar las publicaciones existentes [&hellip;]<\/p>\n","protected":false},"author":3,"featured_media":0,"parent":526,"menu_order":5,"comment_status":"closed","ping_status":"open","template":"","meta":{"footnotes":""},"class_list":["post-600","page","type-page","status-publish","hentry"],"_links":{"self":[{"href":"https:\/\/www.inet.edu.ar\/index.php\/wp-json\/wp\/v2\/pages\/600","targetHints":{"allow":["GET"]}}],"collection":[{"href":"https:\/\/www.inet.edu.ar\/index.php\/wp-json\/wp\/v2\/pages"}],"about":[{"href":"https:\/\/www.inet.edu.ar\/index.php\/wp-json\/wp\/v2\/types\/page"}],"author":[{"embeddable":true,"href":"https:\/\/www.inet.edu.ar\/index.php\/wp-json\/wp\/v2\/users\/3"}],"replies":[{"embeddable":true,"href":"https:\/\/www.inet.edu.ar\/index.php\/wp-json\/wp\/v2\/comments?post=600"}],"version-history":[{"count":3,"href":"https:\/\/www.inet.edu.ar\/index.php\/wp-json\/wp\/v2\/pages\/600\/revisions"}],"predecessor-version":[{"id":37625,"href":"https:\/\/www.inet.edu.ar\/index.php\/wp-json\/wp\/v2\/pages\/600\/revisions\/37625"}],"up":[{"embeddable":true,"href":"https:\/\/www.inet.edu.ar\/index.php\/wp-json\/wp\/v2\/pages\/526"}],"wp:attachment":[{"href":"https:\/\/www.inet.edu.ar\/index.php\/wp-json\/wp\/v2\/media?parent=600"}],"curies":[{"name":"wp","href":"https:\/\/api.w.org\/{rel}","templated":true}]}}