{"id":607,"date":"2012-12-17T02:31:23","date_gmt":"2012-12-17T02:31:23","guid":{"rendered":"https:\/\/www.inet.edu.ar\/?page_id=607"},"modified":"2023-05-22T16:24:35","modified_gmt":"2023-05-22T19:24:35","slug":"energia","status":"publish","type":"page","link":"https:\/\/www.inet.edu.ar\/index.php\/material-de-capacitacion\/nueva-serie-de-libros\/energia\/","title":{"rendered":"Energ\u00eda"},"content":{"rendered":"<p><a href=\"https:\/\/www.inet.edu.ar\/wp-content\/uploads\/2012\/12\/Energia-tapa.png\"><img loading=\"lazy\" decoding=\"async\" class=\"size-full wp-image-611 aligncenter\" title=\"Energia---tapa\" src=\"https:\/\/www.inet.edu.ar\/wp-content\/uploads\/2012\/12\/Energia-tapa.png\" alt=\"\" width=\"434\" height=\"543\" \/><\/a><\/p>\n<p>El t\u00e9rmino energ\u00eda es empleado con mucha frecuencia en el lenguaje coloquial, sin embargo no siempre se lo usa como un conocimiento acabado de su concepto.<\/p>\n<p>En realidad la noci\u00f3n de energ\u00eda es usada con un significado muy preciso en la ciencia b\u00e1sica, denominada f\u00edsica. Como es costumbre en el desarrollo del conocimiento, en f\u00edsica se desarrollan distintos marcos te\u00f3ricos que se adaptan a diferentes tipos de sistemas f\u00edsicos. En la Introducci\u00f3n de este libro enumeramos, brevemente, algunos marcos te\u00f3ricos. Lo que podemos remarcar aqu\u00ed es que la noci\u00f3n de energ\u00eda en cada marco te\u00f3rico de la f\u00edsica, es un concepto fundamental. Esto est\u00e1 asociado a la relaci\u00f3n que hay entre simetr\u00edas de sistemas f\u00edsicos y cantidades conservadas. Lo que sucede es que la energ\u00eda es una cantidad conservada en una gran variedad de sistemas f\u00edsicos; por lo que se constituye en un concepto muy \u00fatil para el estudio detallado de los mismos. Asimismo, intentamos hacer un repaso de distintos sistemas f\u00edsicos donde el concepto de energ\u00eda nos brinda un mecanismo de unificaci\u00f3n del discurso. Partimos de los sistemas mec\u00e1nicos m\u00e1s sencillos, pasando por sistemas compuestos, termodin\u00e1micos, relativistas, at\u00f3micos, gravitatorios y llegando a discutir el sistema cosmol\u00f3gico y otros<\/p>\n<h2>Autores<\/h2>\n<p><img decoding=\"async\" class=\"alignnone  wp-image-612\" title=\"osvaldo-moreschi\" src=\"https:\/\/www.inet.edu.ar\/wp-content\/uploads\/2012\/12\/osvaldo-moreschi.jpg\" alt=\"\" width=\"92\" \/><br \/>\n<strong>Dr. Osvaldo Moreschi<\/strong><br \/>\nDoctor en F\u00edsica<\/p>\n<h2>Descargas<\/h2>\n<p><a href=\"https:\/\/www.inet.edu.ar\/wp-content\/uploads\/2023\/05\/Energia.pdf\" target=\"_blank\" rel=\"noopener\">Energ\u00eda.pdf<\/a><\/p>\n","protected":false},"excerpt":{"rendered":"<p>El t\u00e9rmino energ\u00eda es empleado con mucha frecuencia en el lenguaje coloquial, sin embargo no siempre se lo usa como un conocimiento acabado de su concepto. En realidad la noci\u00f3n de energ\u00eda es usada con un significado muy preciso en la ciencia b\u00e1sica, denominada f\u00edsica. Como es costumbre en el desarrollo del conocimiento, en f\u00edsica [&hellip;]<\/p>\n","protected":false},"author":3,"featured_media":0,"parent":526,"menu_order":6,"comment_status":"closed","ping_status":"open","template":"","meta":{"footnotes":""},"class_list":["post-607","page","type-page","status-publish","hentry"],"_links":{"self":[{"href":"https:\/\/www.inet.edu.ar\/index.php\/wp-json\/wp\/v2\/pages\/607","targetHints":{"allow":["GET"]}}],"collection":[{"href":"https:\/\/www.inet.edu.ar\/index.php\/wp-json\/wp\/v2\/pages"}],"about":[{"href":"https:\/\/www.inet.edu.ar\/index.php\/wp-json\/wp\/v2\/types\/page"}],"author":[{"embeddable":true,"href":"https:\/\/www.inet.edu.ar\/index.php\/wp-json\/wp\/v2\/users\/3"}],"replies":[{"embeddable":true,"href":"https:\/\/www.inet.edu.ar\/index.php\/wp-json\/wp\/v2\/comments?post=607"}],"version-history":[{"count":3,"href":"https:\/\/www.inet.edu.ar\/index.php\/wp-json\/wp\/v2\/pages\/607\/revisions"}],"predecessor-version":[{"id":37583,"href":"https:\/\/www.inet.edu.ar\/index.php\/wp-json\/wp\/v2\/pages\/607\/revisions\/37583"}],"up":[{"embeddable":true,"href":"https:\/\/www.inet.edu.ar\/index.php\/wp-json\/wp\/v2\/pages\/526"}],"wp:attachment":[{"href":"https:\/\/www.inet.edu.ar\/index.php\/wp-json\/wp\/v2\/media?parent=607"}],"curies":[{"name":"wp","href":"https:\/\/api.w.org\/{rel}","templated":true}]}}