{"id":614,"date":"2012-12-17T02:39:20","date_gmt":"2012-12-17T02:39:20","guid":{"rendered":"https:\/\/www.inet.edu.ar\/?page_id=614"},"modified":"2023-06-05T13:20:47","modified_gmt":"2023-06-05T16:20:47","slug":"entropia","status":"publish","type":"page","link":"https:\/\/www.inet.edu.ar\/index.php\/material-de-capacitacion\/nueva-serie-de-libros\/entropia\/","title":{"rendered":"Entrop\u00eda"},"content":{"rendered":"<p style=\"text-align: center;\"><a href=\"https:\/\/www.inet.edu.ar\/wp-content\/uploads\/2012\/12\/Entropia-tapa.png\"><img loading=\"lazy\" decoding=\"async\" class=\"wp-image-617 alignleft\" title=\"Entropia---tapa\" src=\"https:\/\/www.inet.edu.ar\/wp-content\/uploads\/2012\/12\/Entropia-tapa.png\" alt=\"\" width=\"200\" height=\"247\" \/><\/a><\/p>\n<p>Entrop\u00eda . La Segunda Ley de la Termodin\u00e1mica dice que todo sistema f\u00edsico posee una cualidad llamada su entrop\u00eda, y que mientras un sistema permanezca aislado su entrop\u00eda no\u00a0puede disminuir. En este libro analizaremos distintas aplicaciones del concepto\u00a0de entrop\u00eda y de la Segunda Ley.<\/p>\n<p>Vamos a comenzar pregunt\u00e1ndonos si existe un l\u00edmite al rendimiento que es posible obtener de un motor, y bajo qu\u00e9 condiciones se alcanza el funcionamiento \u00f3ptimo. Este problema es la pregunta fundacional de la Termodin\u00e1mica, y es todav\u00eda un \u00e1rea activa de investigaci\u00f3n. El concepto de entrop\u00eda resulta ser la clave de la respuesta. Adem\u00e1s, veremos que los conceptos de la Termodin\u00e1mica que se usan para analizar el rendimiento de un motor son aplicables a cualquier sistema f\u00edsico, incluyendo al Universo en su conjunto.<\/p>\n<p>Otra cara de la entrop\u00eda se nos revela cuando observamos que la materia que nos rodea est\u00e1 formada por \u00e1tomos y mol\u00e9culas. Por lo tanto, un mismo sistema f\u00edsico se puede describir en t\u00e9rminos macrosc\u00f3picos, o sea, tal como aparece ante nuestros sentidos, o bien en t\u00e9rminos microsc\u00f3picos, es decir, en t\u00e9rminos de los \u00e1tomos y mol\u00e9culas que lo componen. El aumento de la entrop\u00eda dictado por la Segunda Ley es la expresi\u00f3n cuantitativa de la tendencia al aumento del desorden en un sistema, y su correlato, la p\u00e9rdida de informaci\u00f3n sobre el estado microsc\u00f3pico. La asociaci\u00f3n entre entrop\u00eda e informaci\u00f3n, por otro lado, nos permite describir el funcionamiento de una computadora en t\u00e9rminos de variaciones de entrop\u00eda, tal como antes hicimos con el funcionamiento de un motor.<br \/>\nEl \u00faltimo conjunto de problemas que veremos concierne al rol de la entrop\u00eda en los procesos f\u00edsicos que ocurren en las c\u00e9lulas de los seres vivos. En particular, discutiremos si el desarrollo de formas de vida cada vez m\u00e1s sofisticadas es compatible o no con la Segunda Ley.<\/p>\n<p>En resumen, haremos un viaje desde un problema cl\u00e1sico de ingenier\u00eda hasta las fronteras de la investigaci\u00f3n en biolog\u00eda, qu\u00edmica y f\u00edsica, usando a la entrop\u00eda como hilo conductor<\/p>\n<h2>Autores<\/h2>\n<ul>\n<li><strong>Dr. Esteban Calzetta<br \/>\n<\/strong>Doctor en f\u00edsica<\/li>\n<\/ul>\n<h2>Descargas<\/h2>\n<p><a href=\"https:\/\/www.inet.edu.ar\/wp-content\/uploads\/2023\/06\/Entropia.pdf\" target=\"_blank\" rel=\"noopener\">Entrop\u00eda<\/a><\/p>\n","protected":false},"excerpt":{"rendered":"<p>Entrop\u00eda . La Segunda Ley de la Termodin\u00e1mica dice que todo sistema f\u00edsico posee una cualidad llamada su entrop\u00eda, y que mientras un sistema permanezca aislado su entrop\u00eda no\u00a0puede disminuir. En este libro analizaremos distintas aplicaciones del concepto\u00a0de entrop\u00eda y de la Segunda Ley. Vamos a comenzar pregunt\u00e1ndonos si existe un l\u00edmite al rendimiento que [&hellip;]<\/p>\n","protected":false},"author":3,"featured_media":0,"parent":526,"menu_order":7,"comment_status":"closed","ping_status":"open","template":"","meta":{"footnotes":""},"class_list":["post-614","page","type-page","status-publish","hentry"],"_links":{"self":[{"href":"https:\/\/www.inet.edu.ar\/index.php\/wp-json\/wp\/v2\/pages\/614","targetHints":{"allow":["GET"]}}],"collection":[{"href":"https:\/\/www.inet.edu.ar\/index.php\/wp-json\/wp\/v2\/pages"}],"about":[{"href":"https:\/\/www.inet.edu.ar\/index.php\/wp-json\/wp\/v2\/types\/page"}],"author":[{"embeddable":true,"href":"https:\/\/www.inet.edu.ar\/index.php\/wp-json\/wp\/v2\/users\/3"}],"replies":[{"embeddable":true,"href":"https:\/\/www.inet.edu.ar\/index.php\/wp-json\/wp\/v2\/comments?post=614"}],"version-history":[{"count":7,"href":"https:\/\/www.inet.edu.ar\/index.php\/wp-json\/wp\/v2\/pages\/614\/revisions"}],"predecessor-version":[{"id":37631,"href":"https:\/\/www.inet.edu.ar\/index.php\/wp-json\/wp\/v2\/pages\/614\/revisions\/37631"}],"up":[{"embeddable":true,"href":"https:\/\/www.inet.edu.ar\/index.php\/wp-json\/wp\/v2\/pages\/526"}],"wp:attachment":[{"href":"https:\/\/www.inet.edu.ar\/index.php\/wp-json\/wp\/v2\/media?parent=614"}],"curies":[{"name":"wp","href":"https:\/\/api.w.org\/{rel}","templated":true}]}}