{"id":6166,"date":"2015-01-26T12:59:10","date_gmt":"2015-01-26T15:59:10","guid":{"rendered":"https:\/\/www.inet.edu.ar\/?page_id=6166"},"modified":"2025-09-11T15:20:56","modified_gmt":"2025-09-11T18:20:56","slug":"composicion-de-la-conetyp","status":"publish","type":"page","link":"https:\/\/www.inet.edu.ar\/index.php\/conetyp\/composicion-de-la-conetyp\/","title":{"rendered":"Composici\u00f3n del CoNETyP"},"content":{"rendered":"<p class=\"lead\">El <strong>CoNETyP<\/strong> tiene una representaci\u00f3n tripartita. Es decir, est\u00e1 conformado por el <strong>sector estatal<\/strong>, el <strong>sector empleador<\/strong> y el <strong>sector trabajador. <\/strong><\/p>\n<h3 class=\"page-header\">Por el sector estatal<\/h3>\n<p>Ministerio de Educaci\u00f3n y Deportes.<br \/>\nMinisterio de Trabajo, Empleo y Seguridad Social.<br \/>\nMinisterio de Ciencia, Tecnolog\u00eda e Innovaci\u00f3n Productiva.<br \/>\nMinisterio de Desarrollo Productivo.<br \/>\nMinisterio de Turismo.<br \/>\nMinisterio de Agroindustria.<br \/>\nMinisterio de Salud.<br \/>\nMinisterio de Desarrollo Social<br \/>\nInstituto Nacional de Tecnolog\u00eda Agropecuaria.<br \/>\nInstituto Nacional de Tecnolog\u00eda Industrial<\/p>\n<h3 class=\"page-header\">Por el sector empleador<\/h3>\n<p>ABAPPRA \u2013 <span class=\"text-muted\">Asociaci\u00f3n de Bancos P\u00fablicos y Privados de la Rep\u00fablica Argentina.<\/span><br \/>\nCAMARCO \u2013 <span class=\"text-muted\">C\u00e1mara Argentina de la Construcci\u00f3n.<\/span><br \/>\nCAI \u2013 <span class=\"text-muted\">Consejo Argentino de la Industria.<\/span><br \/>\nCAIEP \u2013 <span class=\"text-muted\">Confederaci\u00f3n Argentina de Instituciones Educativas Privadas.<\/span><br \/>\nCAME \u2013 <span class=\"text-muted\">Coordinadora de Actividades Mercantiles Empresarias.<\/span><br \/>\nCGERA &#8211; Confederaci\u00f3n General Empresaria de la Rep\u00fablica Argentina<br \/>\nCGI &#8211; Confederaci\u00f3n General de la Industria<br \/>\nCONINAGRO \u2013 <span class=\"text-muted\">Consejo Intercooperativo Agropecuario.<\/span><br \/>\nCOORDIEP \u2013 <span class=\"text-muted\">Junta Coordinadora de Asociaciones de la Ense\u00f1anza Privada.<\/span><br \/>\nCOPAL \u2013 <span class=\"text-muted\">Coordinadora de las Industrias de Productos Alimenticios.<\/span><br \/>\nCRA \u2013 <span class=\"text-muted\">Confederaciones Rurales Argentinas.<\/span><br \/>\nFAA \u2013 <span class=\"text-muted\">Federaci\u00f3n Agraria Argentina.<\/span><br \/>\nFEDIAP- <span class=\"text-muted\">Federaci\u00f3n de Institutos Agrot\u00e9cnicos Privados.<\/span><br \/>\nFEDUTEC \u2013 <span class=\"text-muted\">Federaci\u00f3n para el Desarrollo de la Educaci\u00f3n T\u00e9cnico Profesional de Argentina y el Mercosur<\/span><br \/>\nSRA \u2013 <span class=\"text-muted\">Sociedad Rural Argentina.<\/span><br \/>\nRENATRE \u2013 <span class=\"text-muted\">Registro Nacional de Trabajadores Rurales y Empleadores.<\/span><br \/>\nUAC \u2013 <span class=\"text-muted\">Uni\u00f3n Argentina de la Construcci\u00f3n.<\/span><br \/>\nUIA \u2013 <span class=\"text-muted\">Uni\u00f3n Industrial Argentina.<\/span><\/p>\n<h3>Por el sector trabajador<\/h3>\n<p>ADICO\/ADIE \u2013 <span class=\"text-muted\">Asociaci\u00f3n de Directivos de la Ense\u00f1anza.<\/span><br \/>\nAMET \u2013 <span class=\"text-muted\">Asociaci\u00f3n del Magisterio de Ense\u00f1anza T\u00e9cnica.<\/span><br \/>\nCGT \u2013 <span class=\"text-muted\">Confederaci\u00f3n General del Trabajo.<\/span><br \/>\nCTERA \u2013 <span class=\"text-muted\">Confederaci\u00f3n de Trabajadores de la Educaci\u00f3n de la Rep\u00fablica Argentina.<\/span><br \/>\nFACT\u00e9c \u2013 <span class=\"text-muted\">Federaci\u00f3n Argentina de Colegios T\u00e9cnicos de la Arquitectura, Industria e Ingenier\u00eda.<\/span><br \/>\nFNPT \u2013 <span class=\"text-muted\">Foro Nacional de Profesionales T\u00e9cnicos.<\/span><br \/>\nSADOP \u2013 <span class=\"text-muted\">Sindicato Argentino de Docentes Particulares.<\/span><br \/>\nUDA \u2013 <span class=\"text-muted\">Uni\u00f3n Docentes Argentinos.<\/span><br \/>\nUPCN \u2013 <span class=\"text-muted\">Uni\u00f3n del Personal Civil de la Naci\u00f3n.<\/span><br \/>\nCEA \u2013 <span class=\"text-muted\">Confederaci\u00f3n de Educadores Argentinos.<\/span><br \/>\nAsociaci\u00f3n Bancaria.<br \/>\nUATRE \u2013 <span class=\"text-muted\">Uni\u00f3n Argentina de Trabajadores Rurales y Estibadores.<\/span><br \/>\nUOCRA \u2013 <span class=\"text-muted\">Uni\u00f3n Obrera de la Construcci\u00f3n de la Rep\u00fablica Argentina.<\/span><\/p>\n<p>&nbsp;<\/p>\n<p><strong>Las entidades que conforman el CoNETyP deber\u00e1n ser de representaci\u00f3n nacional y estar legalmente constituidas, debiendo acreditar la personer\u00eda correspondiente.<\/strong><\/p>\n","protected":false},"excerpt":{"rendered":"<p>El CoNETyP tiene una representaci\u00f3n tripartita. Es decir, est\u00e1 conformado por el sector estatal, el sector empleador y el sector trabajador. Por el sector estatal Ministerio de Educaci\u00f3n y Deportes. Ministerio de Trabajo, Empleo y Seguridad Social. Ministerio de Ciencia, Tecnolog\u00eda e Innovaci\u00f3n Productiva. Ministerio de Desarrollo Productivo. Ministerio de Turismo. Ministerio de Agroindustria. Ministerio [&hellip;]<\/p>\n","protected":false},"author":3,"featured_media":0,"parent":10,"menu_order":1,"comment_status":"closed","ping_status":"open","template":"","meta":{"footnotes":""},"class_list":["post-6166","page","type-page","status-publish","hentry"],"_links":{"self":[{"href":"https:\/\/www.inet.edu.ar\/index.php\/wp-json\/wp\/v2\/pages\/6166","targetHints":{"allow":["GET"]}}],"collection":[{"href":"https:\/\/www.inet.edu.ar\/index.php\/wp-json\/wp\/v2\/pages"}],"about":[{"href":"https:\/\/www.inet.edu.ar\/index.php\/wp-json\/wp\/v2\/types\/page"}],"author":[{"embeddable":true,"href":"https:\/\/www.inet.edu.ar\/index.php\/wp-json\/wp\/v2\/users\/3"}],"replies":[{"embeddable":true,"href":"https:\/\/www.inet.edu.ar\/index.php\/wp-json\/wp\/v2\/comments?post=6166"}],"version-history":[{"count":15,"href":"https:\/\/www.inet.edu.ar\/index.php\/wp-json\/wp\/v2\/pages\/6166\/revisions"}],"predecessor-version":[{"id":10793,"href":"https:\/\/www.inet.edu.ar\/index.php\/wp-json\/wp\/v2\/pages\/6166\/revisions\/10793"}],"up":[{"embeddable":true,"href":"https:\/\/www.inet.edu.ar\/index.php\/wp-json\/wp\/v2\/pages\/10"}],"wp:attachment":[{"href":"https:\/\/www.inet.edu.ar\/index.php\/wp-json\/wp\/v2\/media?parent=6166"}],"curies":[{"name":"wp","href":"https:\/\/api.w.org\/{rel}","templated":true}]}}