{"id":6169,"date":"2015-01-26T13:03:59","date_gmt":"2015-01-26T16:03:59","guid":{"rendered":"https:\/\/www.inet.edu.ar\/?page_id=6169"},"modified":"2025-05-13T13:57:17","modified_gmt":"2025-05-13T16:57:17","slug":"funciones-del-conetyp-y-criterios-ordenadores-de-su-trabajo","status":"publish","type":"page","link":"https:\/\/www.inet.edu.ar\/index.php\/conetyp\/funciones-del-conetyp-y-criterios-ordenadores-de-su-trabajo\/","title":{"rendered":"Criterios ordenadores de su trabajo"},"content":{"rendered":"\n<p><\/p>\n\n\n\n<ul class=\"wp-block-list\">\n<li>Promover la definici\u00f3n de pol\u00edticas nacionales y de estrategias de car\u00e1cter federal en materia de ETP que integren las particularidades y diversidades de las jurisdicciones educativas.<br><\/li>\n\n\n\n<li>Fomentar niveles crecientes de equidad, calidad, eficiencia y efectividad de la ETP, como elemento clave de las estrategias de inclusi\u00f3n social, de desarrollo y de crecimiento socio-econ\u00f3mico del pa\u00eds y sus regiones, de innovaci\u00f3n tecnol\u00f3gica y de promoci\u00f3n del trabajo decente, como modo de garantizar la dignidad de las personas.<br><\/li>\n\n\n\n<li>Garantizar que la duraci\u00f3n de las carreras t\u00e9cnicas de nivel medio no fuera inferior a los seis a\u00f1os;<\/li>\n\n\n\n<li>la defensa de los t\u00edtulos t\u00e9cnicos y, con especial \u00e9nfasis, de aquellos que requieren habilitaciones profesionales.<br><\/li>\n\n\n\n<li>Articular con otros organismos del Estado, los sectores socio-productivos, los&nbsp;<a href=\"https:\/\/www.inet.edu.ar\/index.php\/conetyp\/consejos-provinciales\/\" target=\"_blank\" rel=\"noreferrer noopener\">CoPETyP<\/a>&nbsp;de las distintas provincias pol\u00edticas con impacto territorial que promuevan el desarrollo y la inclusi\u00f3n social a trav\u00e9s del trabajo.<\/li>\n<\/ul>\n","protected":false},"excerpt":{"rendered":"","protected":false},"author":3,"featured_media":0,"parent":10,"menu_order":4,"comment_status":"closed","ping_status":"open","template":"","meta":{"footnotes":""},"class_list":["post-6169","page","type-page","status-publish","hentry"],"_links":{"self":[{"href":"https:\/\/www.inet.edu.ar\/index.php\/wp-json\/wp\/v2\/pages\/6169","targetHints":{"allow":["GET"]}}],"collection":[{"href":"https:\/\/www.inet.edu.ar\/index.php\/wp-json\/wp\/v2\/pages"}],"about":[{"href":"https:\/\/www.inet.edu.ar\/index.php\/wp-json\/wp\/v2\/types\/page"}],"author":[{"embeddable":true,"href":"https:\/\/www.inet.edu.ar\/index.php\/wp-json\/wp\/v2\/users\/3"}],"replies":[{"embeddable":true,"href":"https:\/\/www.inet.edu.ar\/index.php\/wp-json\/wp\/v2\/comments?post=6169"}],"version-history":[{"count":15,"href":"https:\/\/www.inet.edu.ar\/index.php\/wp-json\/wp\/v2\/pages\/6169\/revisions"}],"predecessor-version":[{"id":40534,"href":"https:\/\/www.inet.edu.ar\/index.php\/wp-json\/wp\/v2\/pages\/6169\/revisions\/40534"}],"up":[{"embeddable":true,"href":"https:\/\/www.inet.edu.ar\/index.php\/wp-json\/wp\/v2\/pages\/10"}],"wp:attachment":[{"href":"https:\/\/www.inet.edu.ar\/index.php\/wp-json\/wp\/v2\/media?parent=6169"}],"curies":[{"name":"wp","href":"https:\/\/api.w.org\/{rel}","templated":true}]}}