{"id":6172,"date":"2015-01-26T13:06:33","date_gmt":"2015-01-26T16:06:33","guid":{"rendered":"https:\/\/www.inet.edu.ar\/?page_id=6172"},"modified":"2017-11-16T16:18:24","modified_gmt":"2017-11-16T19:18:24","slug":"consejos-provinciales","status":"publish","type":"page","link":"https:\/\/www.inet.edu.ar\/index.php\/conetyp\/consejos-provinciales\/","title":{"rendered":"Consejos Provinciales"},"content":{"rendered":"<p>Una de las funciones del <strong>CoNETyP<\/strong> es promover la creaci\u00f3n de Consejos provinciales de Educaci\u00f3n, Trabajo y Producci\u00f3n, y colaborar en su funcionamiento a\u00a0 fin de garantizar una Educaci\u00f3n T\u00e9cnico Profesional con impacto en el desarrollo regional.<\/p>\n<p>El Consejo Nacional de Educaci\u00f3n, Trabajo y Producci\u00f3n realiza anualmente una reuni\u00f3n plenaria con los Consejos provinciales y reuniones regionales con el fin de cumplir con sus objetivos espec\u00edficos.<\/p>\n<p><a href=\"https:\/\/curriform.me.gov.ar\/redconetyp\/course\/index.php?categoryid=2\">Listado de Consejos<\/a><\/p>\n<p>&nbsp;<\/p>\n","protected":false},"excerpt":{"rendered":"<p>Una de las funciones del CoNETyP es promover la creaci\u00f3n de Consejos provinciales de Educaci\u00f3n, Trabajo y Producci\u00f3n, y colaborar en su funcionamiento a\u00a0 fin de garantizar una Educaci\u00f3n T\u00e9cnico Profesional con impacto en el desarrollo regional. El Consejo Nacional de Educaci\u00f3n, Trabajo y Producci\u00f3n realiza anualmente una reuni\u00f3n plenaria con los Consejos provinciales y [&hellip;]<\/p>\n","protected":false},"author":3,"featured_media":0,"parent":10,"menu_order":3,"comment_status":"closed","ping_status":"open","template":"","meta":{"footnotes":""},"class_list":["post-6172","page","type-page","status-publish","hentry"],"_links":{"self":[{"href":"https:\/\/www.inet.edu.ar\/index.php\/wp-json\/wp\/v2\/pages\/6172","targetHints":{"allow":["GET"]}}],"collection":[{"href":"https:\/\/www.inet.edu.ar\/index.php\/wp-json\/wp\/v2\/pages"}],"about":[{"href":"https:\/\/www.inet.edu.ar\/index.php\/wp-json\/wp\/v2\/types\/page"}],"author":[{"embeddable":true,"href":"https:\/\/www.inet.edu.ar\/index.php\/wp-json\/wp\/v2\/users\/3"}],"replies":[{"embeddable":true,"href":"https:\/\/www.inet.edu.ar\/index.php\/wp-json\/wp\/v2\/comments?post=6172"}],"version-history":[{"count":6,"href":"https:\/\/www.inet.edu.ar\/index.php\/wp-json\/wp\/v2\/pages\/6172\/revisions"}],"predecessor-version":[{"id":22123,"href":"https:\/\/www.inet.edu.ar\/index.php\/wp-json\/wp\/v2\/pages\/6172\/revisions\/22123"}],"up":[{"embeddable":true,"href":"https:\/\/www.inet.edu.ar\/index.php\/wp-json\/wp\/v2\/pages\/10"}],"wp:attachment":[{"href":"https:\/\/www.inet.edu.ar\/index.php\/wp-json\/wp\/v2\/media?parent=6172"}],"curies":[{"name":"wp","href":"https:\/\/api.w.org\/{rel}","templated":true}]}}