{"id":6174,"date":"2015-01-26T13:08:07","date_gmt":"2015-01-26T16:08:07","guid":{"rendered":"https:\/\/www.inet.edu.ar\/?page_id=6174"},"modified":"2023-11-17T13:45:48","modified_gmt":"2023-11-17T16:45:48","slug":"foros-sectoriales","status":"publish","type":"page","link":"https:\/\/www.inet.edu.ar\/index.php\/conetyp\/foros-sectoriales\/","title":{"rendered":"Foros Sectoriales"},"content":{"rendered":"<p>Se entiende por Foro Sectorial a un grupo de trabajo cuyo objetivo \u2013en este caso\u2013 consiste en identificar diferentes funciones, posiciones y figuras laborales y en caracterizar los diferentes perfiles que permitan construir y ordenar las ofertas formativas correspondientes y enmarcarlas en las familias profesionales del sector.<\/p>\n<p>La identificaci\u00f3n de familias profesionales responde a la necesidad de determinar carencias formativas en el mundo productivo y al mismo tiempo es un puente eficaz y v\u00e1lido para el desarrollo de pol\u00edticas de empleo.<\/p>\n<p>Por lo tanto, el Foro se constituye tanto como instancia proveedora de insumos y como mecanismo de validaci\u00f3n de las ofertas que se generen.<\/p>\n<p>Los Foros se convocan para asegurar la pertinencia productiva de los t\u00edtulos y certificados que conformar\u00e1n el\u00a0<a href=\"http:\/\/catalogo.inet.edu.ar\/\"><strong>Cat\u00e1logo Nacional de T\u00edtulos y Certificaciones<\/strong><\/a>.<\/p>\n<p>(Durante los \u00faltimos a\u00f1os, una de las tareas centrales del INET ha sido la construcci\u00f3n del <a href=\"http:\/\/catalogo.inet.edu.ar\/\">Cat\u00e1logo Nacional de T\u00edtulos y Certificaciones<\/a> que debe organizarse en funci\u00f3n de las familias y perfiles profesionales adoptados para la definici\u00f3n de las ofertas formativas).<\/p>\n<p>Si bien el <a href=\"http:\/\/catalogo.inet.edu.ar\/\">Cat\u00e1logo<\/a> es la n\u00f3mina de los t\u00edtulos y\/o certificaciones profesionales y sus propuestas curriculares, su construcci\u00f3n no se reduce a una simple enumeraci\u00f3n de t\u00edtulos y certificados pues tiene que estructurarse de modo que responda a dos l\u00f3gicas diferentes: la del mundo educativo y la del mundo del trabajo.<\/p>\n<p><strong>Participantes de los Foros<\/strong><\/p>\n<p>Estos foros se constituyen en el marco del <strong>CoNETyP<\/strong> y est\u00e1n integrados por representantes de los trabajadores, empresarios, de instituciones de ciencia y tecnolog\u00eda, y por personas de reconocida trayectoria en la materia de los sectores de actividad de relevancia estrat\u00e9gica econ\u00f3mica seleccionados.<\/p>\n","protected":false},"excerpt":{"rendered":"<p>Se entiende por Foro Sectorial a un grupo de trabajo cuyo objetivo \u2013en este caso\u2013 consiste en identificar diferentes funciones, posiciones y figuras laborales y en caracterizar los diferentes perfiles que permitan construir y ordenar las ofertas formativas correspondientes y enmarcarlas en las familias profesionales del sector. La identificaci\u00f3n de familias profesionales responde a la [&hellip;]<\/p>\n","protected":false},"author":3,"featured_media":0,"parent":10,"menu_order":4,"comment_status":"closed","ping_status":"open","template":"","meta":{"footnotes":""},"class_list":["post-6174","page","type-page","status-publish","hentry"],"_links":{"self":[{"href":"https:\/\/www.inet.edu.ar\/index.php\/wp-json\/wp\/v2\/pages\/6174","targetHints":{"allow":["GET"]}}],"collection":[{"href":"https:\/\/www.inet.edu.ar\/index.php\/wp-json\/wp\/v2\/pages"}],"about":[{"href":"https:\/\/www.inet.edu.ar\/index.php\/wp-json\/wp\/v2\/types\/page"}],"author":[{"embeddable":true,"href":"https:\/\/www.inet.edu.ar\/index.php\/wp-json\/wp\/v2\/users\/3"}],"replies":[{"embeddable":true,"href":"https:\/\/www.inet.edu.ar\/index.php\/wp-json\/wp\/v2\/comments?post=6174"}],"version-history":[{"count":8,"href":"https:\/\/www.inet.edu.ar\/index.php\/wp-json\/wp\/v2\/pages\/6174\/revisions"}],"predecessor-version":[{"id":38545,"href":"https:\/\/www.inet.edu.ar\/index.php\/wp-json\/wp\/v2\/pages\/6174\/revisions\/38545"}],"up":[{"embeddable":true,"href":"https:\/\/www.inet.edu.ar\/index.php\/wp-json\/wp\/v2\/pages\/10"}],"wp:attachment":[{"href":"https:\/\/www.inet.edu.ar\/index.php\/wp-json\/wp\/v2\/media?parent=6174"}],"curies":[{"name":"wp","href":"https:\/\/api.w.org\/{rel}","templated":true}]}}