{"id":6181,"date":"2015-01-26T13:12:56","date_gmt":"2015-01-26T16:12:56","guid":{"rendered":"https:\/\/www.inet.edu.ar\/?page_id=6181"},"modified":"2025-05-13T13:58:06","modified_gmt":"2025-05-13T16:58:06","slug":"secretaria-permanente-del-conetyp","status":"publish","type":"page","link":"https:\/\/www.inet.edu.ar\/index.php\/conetyp\/secretaria-permanente-del-conetyp\/","title":{"rendered":"Secretar\u00eda Permanente del CoNETyP"},"content":{"rendered":"<p>El Consejo cuenta con una Secretar\u00eda Permanente que desarrolla sus funciones en el \u00e1mbito del <strong>INET <\/strong>y ejerce la coordinaci\u00f3n del <strong>CoNETyP<\/strong> y la Comisi\u00f3n T\u00e9cnica.<\/p>\n<p>&nbsp;<\/p>\n<p><strong>Esta Secretar\u00eda cumple las siguientes funciones:<\/strong><\/p>\n<p>a) Articular con los Consejos Provinciales de Educaci\u00f3n, Trabajo y Producci\u00f3n creados o a crearse seg\u00fan el art\u00edculo 47 de la Ley;<\/p>\n<p>b) Elaborar los dict\u00e1menes que emite el<strong> CoNETyP<\/strong> sobre aquellos temas en los que se solicite su opini\u00f3n;<\/p>\n<p>c) Supervisar el registro de actuaciones del CoNETyP a trav\u00e9s de actas y\/o documentos seg\u00fan corresponda;<\/p>\n<p>d) Analizar, procesar y poner a disposici\u00f3n del <strong>CoNETyP<\/strong> la informaci\u00f3n provista por los sectores productivos y otras fuentes (tales como <strong>INDEC<\/strong>, Ministerio de Trabajo, Empleo y Seguridad Social, Secretar\u00eda de Industria, Comercio y Peque\u00f1a y Mediana Empresa, etc.) con el fin de detectar necesidades de formaci\u00f3n de trabajadores por sector y regi\u00f3n,<\/p>\n<p>e) Organizar las Comisiones de Trabajo y Foros Sectoriales que el <strong>CoNETyP<\/strong> cree para el cumplimiento de las funciones que prev\u00e9 la Ley.<\/p>\n","protected":false},"excerpt":{"rendered":"<p>El Consejo cuenta con una Secretar\u00eda Permanente que desarrolla sus funciones en el \u00e1mbito del INET y ejerce la coordinaci\u00f3n del CoNETyP y la Comisi\u00f3n T\u00e9cnica. &nbsp; Esta Secretar\u00eda cumple las siguientes funciones: a) Articular con los Consejos Provinciales de Educaci\u00f3n, Trabajo y Producci\u00f3n creados o a crearse seg\u00fan el art\u00edculo 47 de la Ley; [&hellip;]<\/p>\n","protected":false},"author":3,"featured_media":0,"parent":10,"menu_order":7,"comment_status":"closed","ping_status":"open","template":"","meta":{"footnotes":""},"class_list":["post-6181","page","type-page","status-publish","hentry"],"_links":{"self":[{"href":"https:\/\/www.inet.edu.ar\/index.php\/wp-json\/wp\/v2\/pages\/6181","targetHints":{"allow":["GET"]}}],"collection":[{"href":"https:\/\/www.inet.edu.ar\/index.php\/wp-json\/wp\/v2\/pages"}],"about":[{"href":"https:\/\/www.inet.edu.ar\/index.php\/wp-json\/wp\/v2\/types\/page"}],"author":[{"embeddable":true,"href":"https:\/\/www.inet.edu.ar\/index.php\/wp-json\/wp\/v2\/users\/3"}],"replies":[{"embeddable":true,"href":"https:\/\/www.inet.edu.ar\/index.php\/wp-json\/wp\/v2\/comments?post=6181"}],"version-history":[{"count":3,"href":"https:\/\/www.inet.edu.ar\/index.php\/wp-json\/wp\/v2\/pages\/6181\/revisions"}],"predecessor-version":[{"id":40536,"href":"https:\/\/www.inet.edu.ar\/index.php\/wp-json\/wp\/v2\/pages\/6181\/revisions\/40536"}],"up":[{"embeddable":true,"href":"https:\/\/www.inet.edu.ar\/index.php\/wp-json\/wp\/v2\/pages\/10"}],"wp:attachment":[{"href":"https:\/\/www.inet.edu.ar\/index.php\/wp-json\/wp\/v2\/media?parent=6181"}],"curies":[{"name":"wp","href":"https:\/\/api.w.org\/{rel}","templated":true}]}}