{"id":62,"date":"2012-11-19T13:26:39","date_gmt":"2012-11-19T13:26:39","guid":{"rendered":"https:\/\/www.inet.edu.ar\/?page_id=62"},"modified":"2015-02-19T15:02:20","modified_gmt":"2015-02-19T18:02:20","slug":"politicas-y-programas","status":"publish","type":"page","link":"https:\/\/www.inet.edu.ar\/index.php\/politicas-y-programas\/","title":{"rendered":"Las pol\u00edticas para la Educaci\u00f3n T\u00e9cnico Profesional en Argentina"},"content":{"rendered":"<p>El INET promueve la mejora continua de la calidad de la Educaci\u00f3n T\u00e9cnico Profesional, asegurando mayores niveles de inclusi\u00f3n y adecuando en forma permanente la oferta educativa a las necesidades sociales, productivas y territoriales.<\/p>\n<p><span style=\"line-height: 1.21em;\">En virtud del car\u00e1cter estrat\u00e9gico de la Educaci\u00f3n T\u00e9cnico Profesional para el desarrollo social y el crecimiento econ\u00f3mico, y por su especial vinculaci\u00f3n con los sectores de la ciencia y la tecnolog\u00eda, el trabajo y la producci\u00f3n, las pol\u00edticas de la Educaci\u00f3n T\u00e9cnico Profesional en la Argentina buscan garantizar:<\/span><strong style=\"line-height: 1.21em;\">\u00a0<\/strong><\/p>\n<ul>\n<li><span style=\"line-height: 1.21em;\">La incorporaci\u00f3n de la juventud al mundo del trabajo y la formaci\u00f3n continua de los adultos a lo largo de su vida activa.<\/span><\/li>\n<li><span style=\"line-height: 1.21em;\">El desarrollo de un sistema integrado de Educaci\u00f3n T\u00e9cnico Profesional que articule entre s\u00ed los niveles de educaci\u00f3n Media\/Polimodal y superior y \u00e9stos con las diversas instituciones y programas extraescolares de formaci\u00f3n y capacitaci\u00f3n para y en el trabajo.<\/span><\/li>\n<li><span style=\"line-height: 1.21em;\">El fortalecimiento de la identidad propia de la Educaci\u00f3n T\u00e9cnico Profesional, su car\u00e1cter estrat\u00e9gico en t\u00e9rminos de desarrollo socio-econ\u00f3mico y su estatus social y educativo.<\/span><\/li>\n<li><span style=\"line-height: 1.21em;\">La continuidad de sus estudios a cualquier estudiante o trabajador, tanto de nivel Medio\/Polimodal o Superior como de Formaci\u00f3n Profesional, en cualquier regi\u00f3n del pa\u00eds.<\/span><\/li>\n<li><span style=\"line-height: 1.21em;\">La igualdad de oportunidades en el acceso, trayectoria y egreso de las distintas ofertas de Educaci\u00f3n T\u00e9cnico Profesional para j\u00f3venes y adultos.<\/span><\/li>\n<li><span style=\"line-height: 1.21em;\">Las condiciones materiales y edilicias para el desarrollo de una trayectoria educativa de calidad.\u00a0<\/span><\/li>\n<\/ul>\n","protected":false},"excerpt":{"rendered":"<p>El INET promueve la mejora continua de la calidad de la Educaci\u00f3n T\u00e9cnico Profesional, asegurando mayores niveles de inclusi\u00f3n y adecuando en forma permanente la oferta educativa a las necesidades sociales, productivas y territoriales. En virtud del car\u00e1cter estrat\u00e9gico de la Educaci\u00f3n T\u00e9cnico Profesional para el desarrollo social y el crecimiento econ\u00f3mico, y por su [&hellip;]<\/p>\n","protected":false},"author":3,"featured_media":0,"parent":0,"menu_order":0,"comment_status":"closed","ping_status":"open","template":"","meta":{"footnotes":""},"class_list":["post-62","page","type-page","status-publish","hentry"],"_links":{"self":[{"href":"https:\/\/www.inet.edu.ar\/index.php\/wp-json\/wp\/v2\/pages\/62","targetHints":{"allow":["GET"]}}],"collection":[{"href":"https:\/\/www.inet.edu.ar\/index.php\/wp-json\/wp\/v2\/pages"}],"about":[{"href":"https:\/\/www.inet.edu.ar\/index.php\/wp-json\/wp\/v2\/types\/page"}],"author":[{"embeddable":true,"href":"https:\/\/www.inet.edu.ar\/index.php\/wp-json\/wp\/v2\/users\/3"}],"replies":[{"embeddable":true,"href":"https:\/\/www.inet.edu.ar\/index.php\/wp-json\/wp\/v2\/comments?post=62"}],"version-history":[{"count":13,"href":"https:\/\/www.inet.edu.ar\/index.php\/wp-json\/wp\/v2\/pages\/62\/revisions"}],"predecessor-version":[{"id":361,"href":"https:\/\/www.inet.edu.ar\/index.php\/wp-json\/wp\/v2\/pages\/62\/revisions\/361"}],"wp:attachment":[{"href":"https:\/\/www.inet.edu.ar\/index.php\/wp-json\/wp\/v2\/media?parent=62"}],"curies":[{"name":"wp","href":"https:\/\/api.w.org\/{rel}","templated":true}]}}