{"id":633,"date":"2012-12-17T03:07:03","date_gmt":"2012-12-17T03:07:03","guid":{"rendered":"https:\/\/www.inet.edu.ar\/?page_id=633"},"modified":"2023-07-26T14:28:33","modified_gmt":"2023-07-26T17:28:33","slug":"gravitacion","status":"publish","type":"page","link":"https:\/\/www.inet.edu.ar\/index.php\/material-de-capacitacion\/nueva-serie-de-libros\/gravitacion\/","title":{"rendered":"Gravitaci\u00f3n"},"content":{"rendered":"<p><a href=\"https:\/\/www.inet.edu.ar\/wp-content\/uploads\/2012\/12\/Gravitacion-tapa.png\"><img loading=\"lazy\" decoding=\"async\" class=\"size-full wp-image-636 aligncenter\" title=\"Gravitacion---tapa\" src=\"https:\/\/www.inet.edu.ar\/wp-content\/uploads\/2012\/12\/Gravitacion-tapa.png\" alt=\"\" width=\"434\" height=\"546\" \/><\/a><\/p>\n<p>\u00abGravitaci\u00f3n\u00bb. Es un libro introductorio a las teor\u00edas modernas de gravitaci\u00f3n, desde la F\u00edsica de Galileo y Newton, hasta la Relatividad General propuesta por Albert Einstein. Se establecen las bases de la teor\u00eda newtoniana y se proponen y resuelven ejercicios de aplicaci\u00f3n en el marco de esta teor\u00eda. Se familiariza al lector con los conceptos de dilataci\u00f3n de tiempo y espacio de la Relatividad Especial, y se introducen las nociones b\u00e1sicas de geometr\u00edas no euclidianas. Finalmente, se dan las bases de la teor\u00eda de Relatividad General. Se describen algunas aplicaciones de la misma como la correcci\u00f3n a la \u00f3rbita de Mercurio, el corrimiento al rojo, los cambios de longitudes en la teor\u00eda de la Relatividad General y agujeros negros.<\/p>\n<h2>Autores<\/h2>\n<ul>\n<li><strong>Susana Landau<br \/>\n<\/strong>Doctora en Astronom\u00eda<\/li>\n<li><strong>Claudio Simeone<br \/>\n<\/strong>Doctor en F\u00edsica<\/li>\n<\/ul>\n<h2>Descargas<\/h2>\n<p><a class=\"media media-zip\" href=\"https:\/\/www.inet.edu.ar\/wp-content\/uploads\/2023\/07\/Gravitacion.pdf\">Gravitaci\u00f3n<\/a><\/p>\n","protected":false},"excerpt":{"rendered":"<p>\u00abGravitaci\u00f3n\u00bb. Es un libro introductorio a las teor\u00edas modernas de gravitaci\u00f3n, desde la F\u00edsica de Galileo y Newton, hasta la Relatividad General propuesta por Albert Einstein. Se establecen las bases de la teor\u00eda newtoniana y se proponen y resuelven ejercicios de aplicaci\u00f3n en el marco de esta teor\u00eda. Se familiariza al lector con los conceptos [&hellip;]<\/p>\n","protected":false},"author":3,"featured_media":0,"parent":526,"menu_order":10,"comment_status":"closed","ping_status":"open","template":"","meta":{"footnotes":""},"class_list":["post-633","page","type-page","status-publish","hentry"],"_links":{"self":[{"href":"https:\/\/www.inet.edu.ar\/index.php\/wp-json\/wp\/v2\/pages\/633","targetHints":{"allow":["GET"]}}],"collection":[{"href":"https:\/\/www.inet.edu.ar\/index.php\/wp-json\/wp\/v2\/pages"}],"about":[{"href":"https:\/\/www.inet.edu.ar\/index.php\/wp-json\/wp\/v2\/types\/page"}],"author":[{"embeddable":true,"href":"https:\/\/www.inet.edu.ar\/index.php\/wp-json\/wp\/v2\/users\/3"}],"replies":[{"embeddable":true,"href":"https:\/\/www.inet.edu.ar\/index.php\/wp-json\/wp\/v2\/comments?post=633"}],"version-history":[{"count":4,"href":"https:\/\/www.inet.edu.ar\/index.php\/wp-json\/wp\/v2\/pages\/633\/revisions"}],"predecessor-version":[{"id":37818,"href":"https:\/\/www.inet.edu.ar\/index.php\/wp-json\/wp\/v2\/pages\/633\/revisions\/37818"}],"up":[{"embeddable":true,"href":"https:\/\/www.inet.edu.ar\/index.php\/wp-json\/wp\/v2\/pages\/526"}],"wp:attachment":[{"href":"https:\/\/www.inet.edu.ar\/index.php\/wp-json\/wp\/v2\/media?parent=633"}],"curies":[{"name":"wp","href":"https:\/\/api.w.org\/{rel}","templated":true}]}}