{"id":654,"date":"2012-12-17T04:09:09","date_gmt":"2012-12-17T04:09:09","guid":{"rendered":"https:\/\/www.inet.edu.ar\/?page_id=654"},"modified":"2023-06-05T13:37:27","modified_gmt":"2023-06-05T16:37:27","slug":"las-geometrias","status":"publish","type":"page","link":"https:\/\/www.inet.edu.ar\/index.php\/material-de-capacitacion\/nueva-serie-de-libros\/las-geometrias\/","title":{"rendered":"Las geometr\u00edas"},"content":{"rendered":"<p><a href=\"https:\/\/www.inet.edu.ar\/wp-content\/uploads\/2012\/12\/Las-Geometrias-tapa.png\"><img loading=\"lazy\" decoding=\"async\" class=\"alignleft wp-image-677\" title=\"Las-Geometrias---tapa\" src=\"https:\/\/www.inet.edu.ar\/wp-content\/uploads\/2012\/12\/Las-Geometrias-tapa.png\" alt=\"\" width=\"200\" height=\"255\" \/><\/a><\/p>\n<p>Asociamos la geometr\u00eda euclidiana cl\u00e1sica a la geometr\u00eda del mundo real, la geometr\u00eda que hemos estudiado en la escuela y que corresponde al espacio tridimensional en el que nos movemos. Sin embargo, nuestra interpretaci\u00f3n visual de la realidad se acerca m\u00e1s a la geometr\u00eda proyectiva: la vemos -y la dibujamos-en perspectiva. No siempre vemos el tama\u00f1o real de los objetos, ni tampoco su forma verdadera. Las v\u00edas de un tren se juntan a lo lejos pese a ser paralelas, como as\u00ed tambi\u00e9n una ruta se estrecha en la distancia hasta ser un \u00fanico punto en el horizonte. Por otra parte, vivimos sobre la superficie de la Tierra, una superficie curva, y por ese motivo, la geometr\u00eda que mejor la describe es la esf\u00e9rica. Nuestro objetivo en este libro es presentar, de manera comprensible, estas diferen\u00adtes geometr\u00edas, mostrando las diferencias y simi\u00adlitudes que tienen, como as\u00ed tambi\u00e9n algunas de sus aplicaciones.<\/p>\n<h2>Autores<\/h2>\n<ul>\n<li><strong>Juan Pablo Pinasco<\/strong><\/li>\n<li><strong>Pablo Amster<\/strong><\/li>\n<li><strong>Nicol\u00e1s Saintier\u00a0<\/strong><\/li>\n<li><strong>In\u00e9s Saltiva<\/strong><\/li>\n<\/ul>\n<h2>Descargas<\/h2>\n<p><a class=\"media media-zip\" href=\"https:\/\/www.inet.edu.ar\/wp-content\/uploads\/2023\/06\/Las-geometrias.pdf\" target=\"_blank\" rel=\"noopener\">Las Geometr\u00edas<\/a><\/p>\n","protected":false},"excerpt":{"rendered":"<p>Asociamos la geometr\u00eda euclidiana cl\u00e1sica a la geometr\u00eda del mundo real, la geometr\u00eda que hemos estudiado en la escuela y que corresponde al espacio tridimensional en el que nos movemos. Sin embargo, nuestra interpretaci\u00f3n visual de la realidad se acerca m\u00e1s a la geometr\u00eda proyectiva: la vemos -y la dibujamos-en perspectiva. No siempre vemos el [&hellip;]<\/p>\n","protected":false},"author":3,"featured_media":0,"parent":526,"menu_order":13,"comment_status":"closed","ping_status":"open","template":"","meta":{"footnotes":""},"class_list":["post-654","page","type-page","status-publish","hentry"],"_links":{"self":[{"href":"https:\/\/www.inet.edu.ar\/index.php\/wp-json\/wp\/v2\/pages\/654","targetHints":{"allow":["GET"]}}],"collection":[{"href":"https:\/\/www.inet.edu.ar\/index.php\/wp-json\/wp\/v2\/pages"}],"about":[{"href":"https:\/\/www.inet.edu.ar\/index.php\/wp-json\/wp\/v2\/types\/page"}],"author":[{"embeddable":true,"href":"https:\/\/www.inet.edu.ar\/index.php\/wp-json\/wp\/v2\/users\/3"}],"replies":[{"embeddable":true,"href":"https:\/\/www.inet.edu.ar\/index.php\/wp-json\/wp\/v2\/comments?post=654"}],"version-history":[{"count":3,"href":"https:\/\/www.inet.edu.ar\/index.php\/wp-json\/wp\/v2\/pages\/654\/revisions"}],"predecessor-version":[{"id":37643,"href":"https:\/\/www.inet.edu.ar\/index.php\/wp-json\/wp\/v2\/pages\/654\/revisions\/37643"}],"up":[{"embeddable":true,"href":"https:\/\/www.inet.edu.ar\/index.php\/wp-json\/wp\/v2\/pages\/526"}],"wp:attachment":[{"href":"https:\/\/www.inet.edu.ar\/index.php\/wp-json\/wp\/v2\/media?parent=654"}],"curies":[{"name":"wp","href":"https:\/\/api.w.org\/{rel}","templated":true}]}}