{"id":6695,"date":"2015-03-27T12:56:32","date_gmt":"2015-03-27T15:56:32","guid":{"rendered":"https:\/\/www.inet.edu.ar\/?page_id=6695"},"modified":"2015-03-27T12:56:32","modified_gmt":"2015-03-27T15:56:32","slug":"principales-temas-indagados-en-la-ente","status":"publish","type":"page","link":"https:\/\/www.inet.edu.ar\/index.php\/estudios-investigaciones\/sistema-de-seguimiento-de-egresados\/encuesta-nacional-de-trayectoria-de-egresados-2013\/principales-temas-indagados-en-la-ente\/","title":{"rendered":"Principales temas indagados en la ENTE"},"content":{"rendered":"<ul>\n<li>\u00a0Datos de contacto y condiciones de vivienda del encuestado.<\/li>\n<li>Caracter\u00edsticas del hogar: tipo del hogar, caracter\u00edsticas del principal sost\u00e9n econ\u00f3mico: condici\u00f3n de actividad, ocupaci\u00f3n, caracter\u00edsticas del establecimiento donde trabaja, categor\u00eda ocupacional.<\/li>\n<li>Situaci\u00f3n laboral: caracter\u00edsticas b\u00e1sicas de la situaci\u00f3n laboral, condici\u00f3n de actividad, ocupaci\u00f3n, caracter\u00edsticas del establecimiento donde trabaja, categor\u00eda ocupacional, cantidad de horas, medios para la obtenci\u00f3n del trabajo, expectativas sobre el trabajo obtenido, vinculaci\u00f3n con formaci\u00f3n t\u00e9cnica, utilidad de los estudios secundarios, contexto de b\u00fasqueda laboral (para quienes a\u00fan no tienen empleo), motivos de no b\u00fasqueda laboral<\/li>\n<li>Trayectoria de la escuela secundaria t\u00e9cnica: tiempo de finalizaci\u00f3n, cantidad y materias pendientes para obtener el t\u00edtulo, presentaci\u00f3n a ex\u00e1menes a trav\u00e9s de plan FinEs.<\/li>\n<li>Acceso a estudios superiores: realizaci\u00f3n de estudios superiores, motivos por los que no estudia, perspectiva de estudiar a futuro, caracter\u00edsticas de los estudios que realiza actualmente, becas que percibe.<\/li>\n<li>Otras actividades: actividades realizadas de recreaci\u00f3n, culturales, de ocio, de ayuda en el hogar.<\/li>\n<\/ul>\n","protected":false},"excerpt":{"rendered":"<p>\u00a0Datos de contacto y condiciones de vivienda del encuestado. Caracter\u00edsticas del hogar: tipo del hogar, caracter\u00edsticas del principal sost\u00e9n econ\u00f3mico: condici\u00f3n de actividad, ocupaci\u00f3n, caracter\u00edsticas del establecimiento donde trabaja, categor\u00eda ocupacional. Situaci\u00f3n laboral: caracter\u00edsticas b\u00e1sicas de la situaci\u00f3n laboral, condici\u00f3n de actividad, ocupaci\u00f3n, caracter\u00edsticas del establecimiento donde trabaja, categor\u00eda ocupacional, cantidad de horas, medios para [&hellip;]<\/p>\n","protected":false},"author":3,"featured_media":0,"parent":2069,"menu_order":3,"comment_status":"closed","ping_status":"open","template":"","meta":{"footnotes":""},"class_list":["post-6695","page","type-page","status-publish","hentry"],"_links":{"self":[{"href":"https:\/\/www.inet.edu.ar\/index.php\/wp-json\/wp\/v2\/pages\/6695","targetHints":{"allow":["GET"]}}],"collection":[{"href":"https:\/\/www.inet.edu.ar\/index.php\/wp-json\/wp\/v2\/pages"}],"about":[{"href":"https:\/\/www.inet.edu.ar\/index.php\/wp-json\/wp\/v2\/types\/page"}],"author":[{"embeddable":true,"href":"https:\/\/www.inet.edu.ar\/index.php\/wp-json\/wp\/v2\/users\/3"}],"replies":[{"embeddable":true,"href":"https:\/\/www.inet.edu.ar\/index.php\/wp-json\/wp\/v2\/comments?post=6695"}],"version-history":[{"count":1,"href":"https:\/\/www.inet.edu.ar\/index.php\/wp-json\/wp\/v2\/pages\/6695\/revisions"}],"predecessor-version":[{"id":6696,"href":"https:\/\/www.inet.edu.ar\/index.php\/wp-json\/wp\/v2\/pages\/6695\/revisions\/6696"}],"up":[{"embeddable":true,"href":"https:\/\/www.inet.edu.ar\/index.php\/wp-json\/wp\/v2\/pages\/2069"}],"wp:attachment":[{"href":"https:\/\/www.inet.edu.ar\/index.php\/wp-json\/wp\/v2\/media?parent=6695"}],"curies":[{"name":"wp","href":"https:\/\/api.w.org\/{rel}","templated":true}]}}