{"id":684,"date":"2012-12-17T04:33:03","date_gmt":"2012-12-17T04:33:03","guid":{"rendered":"https:\/\/www.inet.edu.ar\/?page_id=684"},"modified":"2023-06-05T15:16:18","modified_gmt":"2023-06-05T18:16:18","slug":"mecanica-basica","status":"publish","type":"page","link":"https:\/\/www.inet.edu.ar\/index.php\/material-de-capacitacion\/nueva-serie-de-libros\/mecanica-basica\/","title":{"rendered":"Mec\u00e1nica B\u00e1sica"},"content":{"rendered":"<p>Este libro\u00a0esencialmente presenta las ideas b\u00e1sicas de Mec\u00e1nica adaptadas para el nivel medio de ense\u00f1anza, tratando de armonizar un buen nivel de discusi\u00f3n y profundizaci\u00f3n conceptual, con la propuesta de actividades de c\u00e1lculo adecuadas para la adquisici\u00f3n de destreza en el tratamiento de situaciones concretas.<\/p>\n<p>A partir de una presentaci\u00f3n inicial de las caracter\u00edsticas del pensamiento cient\u00edfico, se consideran ideas elementales sobre la constituci\u00f3n de la materia, para encarar luego el estudio de los movimientos en un proceso de revisi\u00f3n de la evoluci\u00f3n hist\u00f3rica de las ideas.<\/p>\n<p>Acompa\u00f1ando el proceso natural de generaci\u00f3n de ideas sobre los movimientos, estos se estudian a partir de la din\u00e1mica, y no previamente a ella. Las leyes de la din\u00e1mica se han estructurado de una manera muy particular, orientada a acompa\u00f1ar la revisi\u00f3n y generaci\u00f3n de ideas de una manera m\u00e1s acorde con las posibilidades de los alumnos.<\/p>\n<p>Haciendo hincapi\u00e9 en la visi\u00f3n geom\u00e9trica de las situaciones a trav\u00e9s de los vectores correspondientes, las leyes de la din\u00e1mica se utilizan para explicar las caracter\u00edsticas de los movimientos m\u00e1s t\u00edpicos que se relacionan con los fen\u00f3menos de la vida diaria, impulsando a la reflexi\u00f3n sobre la raz\u00f3n de ser de los diferentes detalles, y al adiestramiento en los procedimientos para calcular y resolver problemas relacionados con ellos.<\/p>\n<p>Luego el tratamiento de los aspectos b\u00e1sicos de los movimientos lineales se enriquece con el concepto de energ\u00eda, y con el objetivo puesto en una formaci\u00f3n integral se hace una ampliaci\u00f3n de este concepto, explorando sus alcances fuera de la mec\u00e1nica; se describe el proceso hist\u00f3rico del cual surgi\u00f3 y los aspectos que lo hacen especial en la vida actual.<\/p>\n<p>Finalmente se cierra con el tratamiento de los movimientos de rotaci\u00f3n, desarrollando las leyes b\u00e1sicas y discutiendo algunos ejemplos de inter\u00e9s.<\/p>\n<h2>Autor<\/h2>\n<ul>\n<li><strong>Lorenzo Iparraguirre<br \/>\n<\/strong>Licenciado en F\u00edsica<\/li>\n<\/ul>\n<h2>Descargas<\/h2>\n<p><a class=\"media media-zip\" href=\"https:\/\/www.inet.edu.ar\/wp-content\/uploads\/2023\/06\/Mecanica-basica.pdf\" target=\"_blank\" rel=\"noopener\">Mec\u00e1nica B\u00e1sica<\/a><\/p>\n","protected":false},"excerpt":{"rendered":"<p>Este libro\u00a0esencialmente presenta las ideas b\u00e1sicas de Mec\u00e1nica adaptadas para el nivel medio de ense\u00f1anza, tratando de armonizar un buen nivel de discusi\u00f3n y profundizaci\u00f3n conceptual, con la propuesta de actividades de c\u00e1lculo adecuadas para la adquisici\u00f3n de destreza en el tratamiento de situaciones concretas. A partir de una presentaci\u00f3n inicial de las caracter\u00edsticas del [&hellip;]<\/p>\n","protected":false},"author":3,"featured_media":0,"parent":526,"menu_order":16,"comment_status":"closed","ping_status":"open","template":"","meta":{"footnotes":""},"class_list":["post-684","page","type-page","status-publish","hentry"],"_links":{"self":[{"href":"https:\/\/www.inet.edu.ar\/index.php\/wp-json\/wp\/v2\/pages\/684","targetHints":{"allow":["GET"]}}],"collection":[{"href":"https:\/\/www.inet.edu.ar\/index.php\/wp-json\/wp\/v2\/pages"}],"about":[{"href":"https:\/\/www.inet.edu.ar\/index.php\/wp-json\/wp\/v2\/types\/page"}],"author":[{"embeddable":true,"href":"https:\/\/www.inet.edu.ar\/index.php\/wp-json\/wp\/v2\/users\/3"}],"replies":[{"embeddable":true,"href":"https:\/\/www.inet.edu.ar\/index.php\/wp-json\/wp\/v2\/comments?post=684"}],"version-history":[{"count":5,"href":"https:\/\/www.inet.edu.ar\/index.php\/wp-json\/wp\/v2\/pages\/684\/revisions"}],"predecessor-version":[{"id":37652,"href":"https:\/\/www.inet.edu.ar\/index.php\/wp-json\/wp\/v2\/pages\/684\/revisions\/37652"}],"up":[{"embeddable":true,"href":"https:\/\/www.inet.edu.ar\/index.php\/wp-json\/wp\/v2\/pages\/526"}],"wp:attachment":[{"href":"https:\/\/www.inet.edu.ar\/index.php\/wp-json\/wp\/v2\/media?parent=684"}],"curies":[{"name":"wp","href":"https:\/\/api.w.org\/{rel}","templated":true}]}}