{"id":687,"date":"2012-12-17T04:37:34","date_gmt":"2012-12-17T04:37:34","guid":{"rendered":"https:\/\/www.inet.edu.ar\/?page_id=687"},"modified":"2023-06-05T15:21:32","modified_gmt":"2023-06-05T18:21:32","slug":"nada-es-para-siempre","status":"publish","type":"page","link":"https:\/\/www.inet.edu.ar\/index.php\/material-de-capacitacion\/nueva-serie-de-libros\/nada-es-para-siempre\/","title":{"rendered":"Nada es para siempre"},"content":{"rendered":"<p>Rodean y que hacen nuestra vida confortable est\u00e1n hechos de materiales<br \/>\nmas diversos. Algunos de estos materiales se encuentran como tales en la naturaleza y el hombre los toma y adapta para un uso espec\u00edfico, pero la mayor\u00eda son materiales fabricados por el hombre en procesos industriales. La utilizaci\u00f3n de estos objetos en la vida cotidiana implica alg\u00fan tipo de interacci\u00f3n de los materiales que los componen con los diversos ambientes. A menudo, estas interacciones modifican las caracter\u00edsticas del material provocando el deterioro de sus propiedades; tanto f\u00edsicas como qu\u00edmicas, o de su apariencia, o de ambas simult\u00e1neamente. Frecuentemente, la degradaci\u00f3n de los materiales en algunas aplicaciones es ignorada y las consecuencias son adversas. Esto implica que el objeto en cuesti\u00f3n deja de cumplir su funci\u00f3n. La forma m\u00e1s correcta de evitar la degradaci\u00f3n de los materiales es mediante la comprensi\u00f3n del mismo proceso que la produce y, consecuentemente, previni\u00e9ndola. Un poco de tiempo y dinero en evitarla nos recompensar\u00e1 con una larga vida \u00fatil sin problemas. En este libro se aborda el problema del deterioro que se produce en los materiales utilizados por el ser humano en su actividad cotidiana. Se detallan los distintos procesos de degradaci\u00f3n de cer\u00e1micos, vidrios, maderas, metales y pl\u00e1sticos como as\u00ed tambi\u00e9n las formas existentes para prevenir o remediar estos procesos. Se presentan adem\u00e1s algunos casos particulares de degradaci\u00f3n de materiales y sus consecuencias: estructuras de hormig\u00f3n armado, biomateriales, obras de arte y repositorios de residuos nucleares.<\/p>\n<h2>Autores<\/h2>\n<ul>\n<li><strong>Ricardo M. Carranza<\/strong><br \/>\nDoctor en Ciencias Qu\u00edmicas<\/li>\n<li><strong>Gustavo Duffo\u00a0<\/strong><br \/>\nDoctor en Ciencias Qu\u00edmicas<\/li>\n<li><strong>Silvia Fari\u00f1a\u00a0<\/strong><br \/>\nDoctora en Ciencia y Tecnolog\u00eda de Materiales<\/li>\n<\/ul>\n<h2><\/h2>\n<h2>Descargas<\/h2>\n<p><a class=\"media media-zip\" href=\"https:\/\/www.inet.edu.ar\/wp-content\/uploads\/2023\/06\/Nada-es-para-siempre.pdf\" target=\"_blank\" rel=\"noopener\">Nada es para siempre<\/a><\/p>\n","protected":false},"excerpt":{"rendered":"<p>Rodean y que hacen nuestra vida confortable est\u00e1n hechos de materiales mas diversos. Algunos de estos materiales se encuentran como tales en la naturaleza y el hombre los toma y adapta para un uso espec\u00edfico, pero la mayor\u00eda son materiales fabricados por el hombre en procesos industriales. La utilizaci\u00f3n de estos objetos en la vida [&hellip;]<\/p>\n","protected":false},"author":3,"featured_media":0,"parent":526,"menu_order":17,"comment_status":"closed","ping_status":"open","template":"","meta":{"footnotes":""},"class_list":["post-687","page","type-page","status-publish","hentry"],"_links":{"self":[{"href":"https:\/\/www.inet.edu.ar\/index.php\/wp-json\/wp\/v2\/pages\/687","targetHints":{"allow":["GET"]}}],"collection":[{"href":"https:\/\/www.inet.edu.ar\/index.php\/wp-json\/wp\/v2\/pages"}],"about":[{"href":"https:\/\/www.inet.edu.ar\/index.php\/wp-json\/wp\/v2\/types\/page"}],"author":[{"embeddable":true,"href":"https:\/\/www.inet.edu.ar\/index.php\/wp-json\/wp\/v2\/users\/3"}],"replies":[{"embeddable":true,"href":"https:\/\/www.inet.edu.ar\/index.php\/wp-json\/wp\/v2\/comments?post=687"}],"version-history":[{"count":5,"href":"https:\/\/www.inet.edu.ar\/index.php\/wp-json\/wp\/v2\/pages\/687\/revisions"}],"predecessor-version":[{"id":37655,"href":"https:\/\/www.inet.edu.ar\/index.php\/wp-json\/wp\/v2\/pages\/687\/revisions\/37655"}],"up":[{"embeddable":true,"href":"https:\/\/www.inet.edu.ar\/index.php\/wp-json\/wp\/v2\/pages\/526"}],"wp:attachment":[{"href":"https:\/\/www.inet.edu.ar\/index.php\/wp-json\/wp\/v2\/media?parent=687"}],"curies":[{"name":"wp","href":"https:\/\/api.w.org\/{rel}","templated":true}]}}