{"id":689,"date":"2012-12-17T04:40:13","date_gmt":"2012-12-17T04:40:13","guid":{"rendered":"https:\/\/www.inet.edu.ar\/?page_id=689"},"modified":"2023-06-05T15:23:18","modified_gmt":"2023-06-05T18:23:18","slug":"proteinas","status":"publish","type":"page","link":"https:\/\/www.inet.edu.ar\/index.php\/material-de-capacitacion\/nueva-serie-de-libros\/proteinas\/","title":{"rendered":"Prote\u00ednas"},"content":{"rendered":"<p>La posibilidad\u00a0de contar con modelos tridimensionales experimentales de la estructura proteica, construidos con un detalle a nivel at\u00f3mico, ha sido sin duda uno de los progresos m\u00e1s emocionantes de la ciencia. A trav\u00e9s del estudio de estas estructuras hemos podido entender los mecanismos biol\u00f3gicos de enfermedades, abriendo una puerta al dise\u00f1o racional de f\u00e1rmacos. Sin embargo, a\u00fan no conocemos las reglas generales del c\u00f3digo de plegado que permitir\u00edan, dada la secuencia de amino\u00e1cidos de una prote\u00edna, predecir su estructura tridimensional final. Para poder dise\u00f1ar racionalmente prote\u00ednas con actividades biol\u00f3gicas y conformaciones nuevas, probablemente debamos resolver este problema.<\/p>\n<p>En este libro se presentan las primeras claves para entender qu\u00e9 es una prote\u00edna, c\u00f3mo podemos representar la estructura proteica con modelos tridimensionales y cu\u00e1les son las bases fisicoqu\u00edmicas de la estabilidad de la estructura proteica. Se dedica una importante parte al estudio del problema del plegado proteico. Adem\u00e1s, se incluye informaci\u00f3n necesaria para la producci\u00f3n de prote\u00ednas recombinantes en el laboratorio, con ejemplos de protocolos de purificaci\u00f3n de las mismas. Se revisan una serie de t\u00e9cnicas experimentales b\u00e1sicas en el campo del estudio de prote\u00ednas, incluyendo t\u00e9cnicas cromatogr\u00e1ficas, fluorescencia y dicro\u00edsmo circular, entre otras. Se presentan conceptos fundamentales y explicaciones pr\u00e1cticas. Tambi\u00e9n se incluye un programa de computaci\u00f3n de distribuci\u00f3n gratuita, que constituye una herramienta fundamental para visualizar y recorrer en el espacio modelos proteicos experimentales. Finalmente se proponen problemas de aplicaci\u00f3n. Espero que los lectores puedan disfrutar de este libro, se entusiasmen y descubran lo increible y fascinante que son estas macromol\u00e9culas.<\/p>\n<h2>Autor<\/h2>\n<ul>\n<li><strong>Javier Santos<br \/>\n<\/strong>Doctor en Ciencias Biol\u00f3gicas<\/li>\n<\/ul>\n<h2>Descargas<\/h2>\n<p><a class=\"media media-zip\" href=\"https:\/\/www.inet.edu.ar\/wp-content\/uploads\/2023\/06\/Proteinas.pdf\" target=\"_blank\" rel=\"noopener\">Prote\u00ednas<\/a><\/p>\n","protected":false},"excerpt":{"rendered":"<p>La posibilidad\u00a0de contar con modelos tridimensionales experimentales de la estructura proteica, construidos con un detalle a nivel at\u00f3mico, ha sido sin duda uno de los progresos m\u00e1s emocionantes de la ciencia. A trav\u00e9s del estudio de estas estructuras hemos podido entender los mecanismos biol\u00f3gicos de enfermedades, abriendo una puerta al dise\u00f1o racional de f\u00e1rmacos. Sin [&hellip;]<\/p>\n","protected":false},"author":3,"featured_media":0,"parent":526,"menu_order":18,"comment_status":"closed","ping_status":"open","template":"","meta":{"footnotes":""},"class_list":["post-689","page","type-page","status-publish","hentry"],"_links":{"self":[{"href":"https:\/\/www.inet.edu.ar\/index.php\/wp-json\/wp\/v2\/pages\/689","targetHints":{"allow":["GET"]}}],"collection":[{"href":"https:\/\/www.inet.edu.ar\/index.php\/wp-json\/wp\/v2\/pages"}],"about":[{"href":"https:\/\/www.inet.edu.ar\/index.php\/wp-json\/wp\/v2\/types\/page"}],"author":[{"embeddable":true,"href":"https:\/\/www.inet.edu.ar\/index.php\/wp-json\/wp\/v2\/users\/3"}],"replies":[{"embeddable":true,"href":"https:\/\/www.inet.edu.ar\/index.php\/wp-json\/wp\/v2\/comments?post=689"}],"version-history":[{"count":6,"href":"https:\/\/www.inet.edu.ar\/index.php\/wp-json\/wp\/v2\/pages\/689\/revisions"}],"predecessor-version":[{"id":37658,"href":"https:\/\/www.inet.edu.ar\/index.php\/wp-json\/wp\/v2\/pages\/689\/revisions\/37658"}],"up":[{"embeddable":true,"href":"https:\/\/www.inet.edu.ar\/index.php\/wp-json\/wp\/v2\/pages\/526"}],"wp:attachment":[{"href":"https:\/\/www.inet.edu.ar\/index.php\/wp-json\/wp\/v2\/media?parent=689"}],"curies":[{"name":"wp","href":"https:\/\/api.w.org\/{rel}","templated":true}]}}