{"id":712,"date":"2012-12-17T04:45:47","date_gmt":"2012-12-17T04:45:47","guid":{"rendered":"https:\/\/www.inet.edu.ar\/?page_id=712"},"modified":"2023-06-05T15:25:26","modified_gmt":"2023-06-05T18:25:26","slug":"representacion-molecular","status":"publish","type":"page","link":"https:\/\/www.inet.edu.ar\/index.php\/material-de-capacitacion\/nueva-serie-de-libros\/representacion-molecular\/","title":{"rendered":"Representaci\u00f3n molecular"},"content":{"rendered":"<p><a href=\"https:\/\/www.inet.edu.ar\/wp-content\/uploads\/2012\/12\/Representacion-molecular-tapa.png\"><img decoding=\"async\" class=\"alignnone wp-image-726\" title=\"Representacion-molecular---tapa\" src=\"https:\/\/www.inet.edu.ar\/wp-content\/uploads\/2012\/12\/Representacion-molecular-tapa.png\" alt=\"\" width=\"455\" \/><\/a><\/p>\n<p>\u201cIntroducci\u00f3n a la Representaci\u00f3n Molecular\u201d. Desde que hemos comprendido que los \u00e1tomos se combinan entre s\u00ed ha estado latente la pregunta, \u00bfc\u00f3mo es la forma tridimensional que resulta de esta combinaci\u00f3n?<\/p>\n<p>La herramienta fundamental para responder esta pregunta es un tipo de luz que puede iluminar el interior mismo de la materia: son los rayos X. Los estudios iniciados hace casi un siglo permitieron abrir la puerta a un mundo sumamente intrigante, arduo y fascinante. Gracias a aquellos primeros estudios hoy es com\u00fan que \u201cdoble h\u00e9lice\u201d nos signifique \u201cADN\u201d.<\/p>\n<p>El papel de la representaci\u00f3n molecular ha sido clave en grandes descubrimientos de la ciencia contempor\u00e1nea. La mencionada doble h\u00e9lice es resultado de la paciente elaboraci\u00f3n de un modelo molecular a escala que d\u00e9 cuenta de los datos experimentales. Esto llev\u00f3 unos 20 a\u00f1os desde las primeras aproximaciones hasta alcanzar el modelo final consolidado.<\/p>\n<p>Este libro trata de presentar al lector las primeras claves para entender c\u00f3mo es la forma molecular, c\u00f3mo se codifica en un modelo, d\u00f3nde pueden encontrarse esos modelos y c\u00f3mo visualizarlos y comprenderlos. El lector encontrar\u00e1 la explicaci\u00f3n de los conceptos fundamentales relacionados con la geometr\u00eda molecular, problemas de aplicaci\u00f3n y explicaciones pr\u00e1cticas del uso de programas de computaci\u00f3n de distribuci\u00f3n gratuita que le permitir\u00e1n comenzar a crear sus propios modelos moleculares.<\/p>\n<p>En el cap\u00edtulo 1 se trata el tema de los \u00e1tomos como unidades que por combinaci\u00f3n constituir\u00e1n entidades m\u00e1s complejas: las mol\u00e9culas. Se presentan las distintas formas en que los \u00e1tomos m\u00e1s frecuentes en la materia org\u00e1nica se combinan consigo mismo y con otros \u00e1tomos.<\/p>\n<p>En el cap\u00edtulo 2 presentamos el modelo molecular m\u00e1s sencillo, el del gas ideal. A partir del estudio de este modelo se han sentado las bases de los desarrollos ulteriores en cuanto a las distintas interat\u00f3micas.<\/p>\n<p>En el cap\u00edtulo 3 nos referimos a la teor\u00eda de repulsi\u00f3n de pares electr\u00f3nicos que da cuenta de la forma tridimensional de mol\u00e9culas sencillas.<\/p>\n<p>En el cap\u00edtulo 4 mostramos distintas formas de codificar esta geometr\u00eda y presentamos herramientas para crear y visualizar modelos moleculares.<\/p>\n<p>El cap\u00edtulo 5 est\u00e1 dedicado a explicar detalladamente el tratamiento geom\u00e9trico de las coordenadas moleculares.<\/p>\n<p>Espero que disfruten de este libro tanto como yo lo hice al escribirlo.<\/p>\n<h2>Autor<\/h2>\n<ul>\n<li><strong>Pablo E. Rosi<\/strong><br \/>\nDoctor en Qu\u00edmica Biorg\u00e1nica<\/li>\n<\/ul>\n<h2>Descargas<\/h2>\n<p><a class=\"media media-zip\" href=\"https:\/\/www.inet.edu.ar\/wp-content\/uploads\/2023\/06\/Representacion-molecular.pdf\" target=\"_blank\" rel=\"noopener\">Representaci\u00f3n Molecular<\/a><\/p>\n","protected":false},"excerpt":{"rendered":"<p>\u201cIntroducci\u00f3n a la Representaci\u00f3n Molecular\u201d. Desde que hemos comprendido que los \u00e1tomos se combinan entre s\u00ed ha estado latente la pregunta, \u00bfc\u00f3mo es la forma tridimensional que resulta de esta combinaci\u00f3n? La herramienta fundamental para responder esta pregunta es un tipo de luz que puede iluminar el interior mismo de la materia: son los rayos [&hellip;]<\/p>\n","protected":false},"author":3,"featured_media":0,"parent":526,"menu_order":19,"comment_status":"closed","ping_status":"open","template":"","meta":{"footnotes":""},"class_list":["post-712","page","type-page","status-publish","hentry"],"_links":{"self":[{"href":"https:\/\/www.inet.edu.ar\/index.php\/wp-json\/wp\/v2\/pages\/712","targetHints":{"allow":["GET"]}}],"collection":[{"href":"https:\/\/www.inet.edu.ar\/index.php\/wp-json\/wp\/v2\/pages"}],"about":[{"href":"https:\/\/www.inet.edu.ar\/index.php\/wp-json\/wp\/v2\/types\/page"}],"author":[{"embeddable":true,"href":"https:\/\/www.inet.edu.ar\/index.php\/wp-json\/wp\/v2\/users\/3"}],"replies":[{"embeddable":true,"href":"https:\/\/www.inet.edu.ar\/index.php\/wp-json\/wp\/v2\/comments?post=712"}],"version-history":[{"count":4,"href":"https:\/\/www.inet.edu.ar\/index.php\/wp-json\/wp\/v2\/pages\/712\/revisions"}],"predecessor-version":[{"id":37660,"href":"https:\/\/www.inet.edu.ar\/index.php\/wp-json\/wp\/v2\/pages\/712\/revisions\/37660"}],"up":[{"embeddable":true,"href":"https:\/\/www.inet.edu.ar\/index.php\/wp-json\/wp\/v2\/pages\/526"}],"wp:attachment":[{"href":"https:\/\/www.inet.edu.ar\/index.php\/wp-json\/wp\/v2\/media?parent=712"}],"curies":[{"name":"wp","href":"https:\/\/api.w.org\/{rel}","templated":true}]}}