{"id":72,"date":"2012-10-31T14:52:32","date_gmt":"2012-10-31T14:52:32","guid":{"rendered":"https:\/\/www.inet.edu.ar\/?page_id=72"},"modified":"2018-03-05T15:48:56","modified_gmt":"2018-03-05T18:48:56","slug":"centro-de-informacion-y-documentacion","status":"publish","type":"page","link":"https:\/\/www.inet.edu.ar\/index.php\/institucional\/normativa\/centro-de-informacion-y-documentacion\/","title":{"rendered":"Centro de Informaci\u00f3n y Documentaci\u00f3n"},"content":{"rendered":"<p style=\"text-align: justify;\">El Centro de Informaci\u00f3n y Documentaci\u00f3n del INET (CID) fue creado por Resoluci\u00f3n CONET 106\/88. Su objetivo principal fue recoger, guardar y difundir la memoria institucional y los documentos que la registran. Los temas que acopia son de Cultura General, Educaci\u00f3n T\u00e9cnica, Formaci\u00f3n Profesional, Ciencia y T\u00e9cnica y experiencias del Campo Laboral.<\/p>\n<p style=\"text-align: justify;\">El CID sufri\u00f3 varias mudanzas y un proceso en el tiempo (t\u00e9cnico y anecd\u00f3tico a la vez) antes de ajustar su perfil presente, hasta la oferta que describe esta p\u00e1gina.<\/p>\n","protected":false},"excerpt":{"rendered":"<p>El Centro de Informaci\u00f3n y Documentaci\u00f3n del INET (CID) fue creado por Resoluci\u00f3n CONET 106\/88. Su objetivo principal fue recoger, guardar y difundir la memoria institucional y los documentos que la registran. Los temas que acopia son de Cultura General, Educaci\u00f3n T\u00e9cnica, Formaci\u00f3n Profesional, Ciencia y T\u00e9cnica y experiencias del Campo Laboral. El CID sufri\u00f3 [&hellip;]<\/p>\n","protected":false},"author":3,"featured_media":0,"parent":65,"menu_order":1,"comment_status":"closed","ping_status":"open","template":"","meta":{"footnotes":""},"class_list":["post-72","page","type-page","status-publish","hentry"],"_links":{"self":[{"href":"https:\/\/www.inet.edu.ar\/index.php\/wp-json\/wp\/v2\/pages\/72","targetHints":{"allow":["GET"]}}],"collection":[{"href":"https:\/\/www.inet.edu.ar\/index.php\/wp-json\/wp\/v2\/pages"}],"about":[{"href":"https:\/\/www.inet.edu.ar\/index.php\/wp-json\/wp\/v2\/types\/page"}],"author":[{"embeddable":true,"href":"https:\/\/www.inet.edu.ar\/index.php\/wp-json\/wp\/v2\/users\/3"}],"replies":[{"embeddable":true,"href":"https:\/\/www.inet.edu.ar\/index.php\/wp-json\/wp\/v2\/comments?post=72"}],"version-history":[{"count":3,"href":"https:\/\/www.inet.edu.ar\/index.php\/wp-json\/wp\/v2\/pages\/72\/revisions"}],"predecessor-version":[{"id":23924,"href":"https:\/\/www.inet.edu.ar\/index.php\/wp-json\/wp\/v2\/pages\/72\/revisions\/23924"}],"up":[{"embeddable":true,"href":"https:\/\/www.inet.edu.ar\/index.php\/wp-json\/wp\/v2\/pages\/65"}],"wp:attachment":[{"href":"https:\/\/www.inet.edu.ar\/index.php\/wp-json\/wp\/v2\/media?parent=72"}],"curies":[{"name":"wp","href":"https:\/\/api.w.org\/{rel}","templated":true}]}}