{"id":782,"date":"2012-12-17T18:41:31","date_gmt":"2012-12-17T18:41:31","guid":{"rendered":"https:\/\/www.inet.edu.ar\/?page_id=782"},"modified":"2023-06-06T11:43:08","modified_gmt":"2023-06-06T14:43:08","slug":"documentos-de-la-escuela-tecnica-1959-1995","status":"publish","type":"page","link":"https:\/\/www.inet.edu.ar\/index.php\/material-de-capacitacion\/documentos-de-la-escuela-tecnica-1959-1995\/","title":{"rendered":"Documentos de la escuela t\u00e9cnica (1959-1995)"},"content":{"rendered":"<p style=\"text-align: justify;\">Difunde los marcos normativos y curriculares que desde el CONET -Consejo Nacional de Educaci\u00f3n T\u00e9cnica- delinearon la educaci\u00f3n t\u00e9cnica de nuestro pa\u00eds, desde mediados hasta fines del siglo pasado.<\/p>\n<p style=\"text-align: justify;\">Materiales disponibles:<\/p>\n<h2 style=\"text-align: justify;\">Creaci\u00f3n del Consejo Nacional de Educaci\u00f3n T\u00e9cnica -1959-<\/h2>\n<p style=\"text-align: justify;\">CONET. 1959. Buenos Aires<br \/>\nIncluye la Ley n\u00b0 15.240.<\/p>\n<p style=\"text-align: justify;\"><a class=\"media media-zip\" href=\"https:\/\/www.inet.edu.ar\/wp-content\/uploads\/2012\/12\/creacion-del-consejo.zip\">Descargar<\/a><\/p>\n<h2 style=\"text-align: justify;\">Reglamento General de los Establecimientos del Consejo Nacional de Educaci\u00f3n T\u00e9cnica -1965-<\/h2>\n<p style=\"text-align: justify;\">CONET. 1965. Buenos Aires<br \/>\nRe\u00fane disposiciones relativas a las actividades de los establecimientos de dependientes del Consejo Nacional de Educaci\u00f3n T\u00e9cnica.<\/p>\n<p style=\"text-align: justify;\"><a class=\"media media-zip\" href=\"https:\/\/www.inet.edu.ar\/wp-content\/uploads\/2012\/12\/reglamento-general.zip\">Descargar<\/a><\/p>\n<h2 style=\"text-align: justify;\">Plan de pr\u00e1cticas de taller. Primer a\u00f1o del Ciclo B\u00e1sico, seg\u00fan decreto 1574\/1965 -1967-<\/h2>\n<p style=\"text-align: justify;\">CONET. 1967. Buenos Aires<br \/>\nIncluye todos los componentes de la planificaci\u00f3n a la cual deb\u00edan ajustar sus tareas los maestros de ense\u00f1anza pr\u00e1ctica: objetivos, fases del desarrollo de cada trabajo, adiestramientos, conocimientos de tecnolog\u00eda, c\u00e1lculo, seguridad y dibujo t\u00e9cnico, fichas de calificaci\u00f3n; y especificaci\u00f3n de materiales, m\u00e1quinas y herramientas necesarios para el desarrollo de los talleres de ajuste, carpinter\u00eda, hojalater\u00eda y electricidad.<\/p>\n<p style=\"text-align: justify;\"><a class=\"media media-zip\" href=\"https:\/\/www.inet.edu.ar\/wp-content\/uploads\/2012\/12\/plan-de-practicas-1.zip\">Descargar<\/a><\/p>\n<h2 style=\"text-align: justify;\">Plan de pr\u00e1cticas de taller. Segundo a\u00f1o del Ciclo B\u00e1sico, seg\u00fan decreto 1574\/1965 -1968-<\/h2>\n<p style=\"text-align: justify;\">CONET. 1968. Buenos Aires<br \/>\nDetalla las pautas para el desarrollo de los talleres de ajuste, electricidad, herrer\u00eda, soldadura y moldeo.<\/p>\n<p style=\"text-align: justify;\"><a class=\"media media-zip\" href=\"https:\/\/www.inet.edu.ar\/wp-content\/uploads\/2012\/12\/plan-de-practicas-2.zip\">Descargar<\/a><\/p>\n<h2 style=\"text-align: justify;\">Trabajos pr\u00e1cticos de m\u00e1quinas-herramientas. Tercer a\u00f1o del ciclo b\u00e1sico, seg\u00fan decreto 1574 -1965-<\/h2>\n<p style=\"text-align: justify;\">CONET. 1965. Buenos Aires<br \/>\nDetalla las pautas para el desarrollo de los talleres de limado, torner\u00eda y fresado.<\/p>\n<p style=\"text-align: justify;\"><a class=\"media media-zip\" href=\"https:\/\/www.inet.edu.ar\/wp-content\/uploads\/2012\/12\/plan-de-practicas-3.zip\">Descargar<\/a><\/p>\n<h2 style=\"text-align: justify;\">Planes de estudio. Escuelas Nacionales de Educaci\u00f3n T\u00e9cnica -1969-<\/h2>\n<p style=\"text-align: justify;\">CONET. 1969. Buenos Aires<br \/>\nPresenta la denominaci\u00f3n y la distribuci\u00f3n horaria de las asignaturas que compon\u00edan los planes de estudio del ciclo b\u00e1sico de la formaci\u00f3n t\u00e9cnica, de las especialidades (Mec\u00e1nica, Metalurgia, Automotores, Aviaci\u00f3n, Construcciones navales, Electricidad, Electromec\u00e1nica, Telecomunicaciones, Construcciones, Qu\u00edmica, Geograf\u00eda Matem\u00e1tica), de los cursos nocturnos para la formaci\u00f3n de operarios, de los ciclos (Profesiones Femeninas, Manualidades Femeninas, Pr\u00e1ctica Comercial y Dibujo Publicitario), de los cursos t\u00e9cnicos y de los cursos pr\u00e1cticos.<\/p>\n<p style=\"text-align: justify;\"><a class=\"media media-zip\" href=\"https:\/\/www.inet.edu.ar\/wp-content\/uploads\/2012\/12\/planes-de-estudio.zip\">Descargar<\/a><\/p>\n<h2 style=\"text-align: justify;\">Programa de estudios. Ciclo b\u00e1sico. Aprendizaje de la especialidad Mec\u00e1nica -1960-<\/h2>\n<p style=\"text-align: justify;\">CONET. 1960. Buenos Aires<br \/>\nPresenta los contenidos m\u00ednimos y las consideraciones metodol\u00f3gicas para cada una de las asignaturas del ciclo.<\/p>\n<p style=\"text-align: justify;\"><a class=\"media media-zip\" href=\"https:\/\/www.inet.edu.ar\/wp-content\/uploads\/2012\/12\/programa-de-estudios.zip\">Descargar<\/a><\/p>\n<h2 style=\"text-align: justify;\">Programas de taller y lecciones tipo para 1\u00b0 a\u00f1o. Ciclo superior. Especialidad Mec\u00e1nica -1971-<\/h2>\n<p style=\"text-align: justify;\">CONET. 1971. Buenos Aires<br \/>\nIncluye las lecciones (objetivos, operaciones implicadas, tecnolog\u00eda utilizada, ejercicios de c\u00e1lculo, normas de seguridad, observaciones t\u00e9cnico-did\u00e1cticas) que abarcan la ense\u00f1anza y el aprendizaje de las m\u00e1quinas-herramientas: torno, fresadora universal, y las necesarias para modelado y fundici\u00f3n.<\/p>\n<p style=\"text-align: justify;\"><a class=\"media media-zip\" href=\"https:\/\/www.inet.edu.ar\/wp-content\/uploads\/2012\/12\/programas-de-taller.zip\">Descargar<\/a><\/p>\n<h2 style=\"text-align: justify;\">Planes de estudios para las Escuelas Industriales dependientes de la Direcci\u00f3n General de Ense\u00f1anza T\u00e9cnica del Ministerio de Educaci\u00f3n de la Naci\u00f3n -seg\u00fan decreto 2164\/1952-<\/h2>\n<p style=\"text-align: justify;\">CONET. 1952. Buenos Aires<br \/>\nEste documento -antecedente de la reforma en la educaci\u00f3n t\u00e9cnica que el CONET asume en 1959- pauta el pasaje de una carrera industrial de siete a\u00f1os a una de seis, contempla la articulaci\u00f3n con las escuelas secundarias, normales y comerciales a trav\u00e9s de un ciclo complementario, y establece las asignaturas de los planes de estudio de las distintas modalidades.<\/p>\n<p style=\"text-align: justify;\"><a class=\"media media-zip\" href=\"https:\/\/www.inet.edu.ar\/wp-content\/uploads\/2012\/12\/planes-escuelas-industriales.zip\">Descargar<\/a><\/p>\n<h2 style=\"text-align: justify;\">Tercer Congreso de Educaci\u00f3n Tecnol\u00f3gica de los Pa\u00edses del Mercosur. Tomo I -1994-<\/h2>\n<p style=\"text-align: justify;\">CONET. 1994. Buenos Aires<br \/>\nIncluye las ponencias de los disertantes centrales de cada panel, la n\u00f3mina de los trabajos presentados, y las conclusiones y recomendaciones a que arribaron los participantes.<\/p>\n<p style=\"text-align: justify;\"><a class=\"media media-zip\" href=\"https:\/\/www.inet.edu.ar\/wp-content\/uploads\/2012\/12\/tercer-congreso.zip\">Descargar<\/a><\/p>\n<h2 style=\"text-align: justify;\">Tercer Congreso de Educaci\u00f3n Tecnol\u00f3gica de los Pa\u00edses del Mercosur. Tomo II -1994-<\/h2>\n<p style=\"text-align: justify;\">Incluye los documentos presentados por los representantes de organismos internacionales, la descripci\u00f3n de los sistemas educativos de los pa\u00edses del Mercosur y las ponencias de los doce panelistas.<\/p>\n<h2 style=\"text-align: justify;\">Incumbencias de los t\u00edtulos y certificaciones emitidos por las Escuelas Nacionales de Educaci\u00f3n T\u00e9cnica -1965-1990-<\/h2>\n<p style=\"text-align: justify;\">CONET. 1965-1990. Buenos Aires<br \/>\nDefine los \u00e1mbitos de desempe\u00f1o profesional de cada carrera y curso, vigentes hasta 1990.<\/p>\n<p style=\"text-align: justify;\"><a class=\"media media-zip\" href=\"https:\/\/www.inet.edu.ar\/wp-content\/uploads\/2012\/12\/incumbencias.zip\">Descargar<\/a><\/p>\n","protected":false},"excerpt":{"rendered":"<p>Difunde los marcos normativos y curriculares que desde el CONET -Consejo Nacional de Educaci\u00f3n T\u00e9cnica- delinearon la educaci\u00f3n t\u00e9cnica de nuestro pa\u00eds, desde mediados hasta fines del siglo pasado. Materiales disponibles: Creaci\u00f3n del Consejo Nacional de Educaci\u00f3n T\u00e9cnica -1959- CONET. 1959. Buenos Aires Incluye la Ley n\u00b0 15.240. Descargar Reglamento General de los Establecimientos del [&hellip;]<\/p>\n","protected":false},"author":3,"featured_media":0,"parent":314,"menu_order":7,"comment_status":"closed","ping_status":"open","template":"","meta":{"footnotes":""},"class_list":["post-782","page","type-page","status-publish","hentry"],"_links":{"self":[{"href":"https:\/\/www.inet.edu.ar\/index.php\/wp-json\/wp\/v2\/pages\/782","targetHints":{"allow":["GET"]}}],"collection":[{"href":"https:\/\/www.inet.edu.ar\/index.php\/wp-json\/wp\/v2\/pages"}],"about":[{"href":"https:\/\/www.inet.edu.ar\/index.php\/wp-json\/wp\/v2\/types\/page"}],"author":[{"embeddable":true,"href":"https:\/\/www.inet.edu.ar\/index.php\/wp-json\/wp\/v2\/users\/3"}],"replies":[{"embeddable":true,"href":"https:\/\/www.inet.edu.ar\/index.php\/wp-json\/wp\/v2\/comments?post=782"}],"version-history":[{"count":5,"href":"https:\/\/www.inet.edu.ar\/index.php\/wp-json\/wp\/v2\/pages\/782\/revisions"}],"predecessor-version":[{"id":37691,"href":"https:\/\/www.inet.edu.ar\/index.php\/wp-json\/wp\/v2\/pages\/782\/revisions\/37691"}],"up":[{"embeddable":true,"href":"https:\/\/www.inet.edu.ar\/index.php\/wp-json\/wp\/v2\/pages\/314"}],"wp:attachment":[{"href":"https:\/\/www.inet.edu.ar\/index.php\/wp-json\/wp\/v2\/media?parent=782"}],"curies":[{"name":"wp","href":"https:\/\/api.w.org\/{rel}","templated":true}]}}