{"id":826,"date":"2013-02-02T10:44:42","date_gmt":"2013-02-02T13:44:42","guid":{"rendered":"https:\/\/www.inet.edu.ar\/?page_id=826"},"modified":"2023-06-05T16:12:44","modified_gmt":"2023-06-05T19:12:44","slug":"desarrollo-de-contenidos","status":"publish","type":"page","link":"https:\/\/www.inet.edu.ar\/index.php\/material-de-capacitacion\/desarrollo-de-contenidos\/","title":{"rendered":"Desarrollo de contenidos"},"content":{"rendered":"<p style=\"text-align: justify;\" align=\"left\">Abarca materiales que permiten una profundizaci\u00f3n en los campos de problemas y de contenidos de las distintas \u00e1reas del conocimiento tecnol\u00f3gico: tecnolog\u00edas de la producci\u00f3n, gestionales, de mecanizaci\u00f3n y robotizaci\u00f3n, de aprendizaje y simulaci\u00f3n; recopila tambi\u00e9n, experiencias de capacitaci\u00f3n docente desarrolladas en cada una de estas \u00e1reas y los materiales utilizados en estas instancias.<\/p>\n<p align=\"left\"><span style=\"line-height: 1.21em;\">Colecciones disponibles en esta serie:<\/span><\/p>\n<ul>\n<li><a title=\"Construcciones\" href=\"https:\/\/www.inet.edu.ar\/index.php\/material-de-capacitacion\/desarrollo-de-contenidos\/construcciones\/\"><span style=\"line-height: 1.21em;\">Construcciones<\/span><\/a><\/li>\n<li><a title=\"Dise\u00f1o industrial y gr\u00e1fico\" href=\"https:\/\/www.inet.edu.ar\/index.php\/material-de-capacitacion\/desarrollo-de-contenidos\/diseno-industrial-y-grafico\/\"><span style=\"line-height: 1.21em;\">Dise\u00f1o industrial y gr\u00e1fico<\/span><span style=\"line-height: 1.21em;\">\u00a0<\/span><\/a><\/li>\n<li><a title=\"Electricidad, Electr\u00f3nica y Sistemas de Control\" href=\"https:\/\/www.inet.edu.ar\/index.php\/material-de-capacitacion\/desarrollo-de-contenidos\/electricidad-electronica-y-sistemas-de-control\/\"><span style=\"line-height: 1.21em;\">Electricidad, electr\u00f3nica y sistemas de control<\/span><span style=\"line-height: 1.21em;\">\u00a0<\/span><\/a><\/li>\n<li><a title=\"Empresa simulada\" href=\"https:\/\/www.inet.edu.ar\/index.php\/material-de-capacitacion\/desarrollo-de-contenidos\/empresa-simulada\/\"><span style=\"line-height: 1.21em;\">Empresa simulada<\/span><span style=\"line-height: 1.21em;\">\u00a0<\/span><\/a><\/li>\n<li><a title=\"Flu\u00eddica y controladores l\u00f3gicos programables (PLC)\" href=\"https:\/\/www.inet.edu.ar\/index.php\/material-de-capacitacion\/desarrollo-de-contenidos\/fluidica-y-controladores-logicos-programables-plc\/\"><span style=\"line-height: 1.21em;\">Flu\u00eddica y controladores l\u00f3gicos programables (PLC)<\/span><span style=\"line-height: 1.21em;\">\u00a0<\/span><\/a><\/li>\n<li><a title=\"Gesti\u00f3n de la Calidad\" href=\"https:\/\/www.inet.edu.ar\/index.php\/material-de-capacitacion\/desarrollo-de-contenidos\/gestion-de-la-calidad\/\"><span style=\"line-height: 1.21em;\">Gesti\u00f3n de la calidad<\/span><span style=\"line-height: 1.21em;\">\u00a0<\/span><\/a><\/li>\n<li><a title=\"Gesti\u00f3n de las organizaciones\" href=\"https:\/\/www.inet.edu.ar\/index.php\/material-de-capacitacion\/desarrollo-de-contenidos\/gestion-de-las-organizaciones\/\"><span style=\"line-height: 1.21em;\">Gesti\u00f3n de las organizaciones<\/span><span style=\"line-height: 1.21em;\">\u00a0<\/span><\/a><\/li>\n<li><a title=\"Invernadero computarizado\" href=\"https:\/\/www.inet.edu.ar\/index.php\/material-de-capacitacion\/desarrollo-de-contenidos\/invernadero-computarizado\/\"><span style=\"line-height: 1.21em;\">Invernadero computarizado<\/span><span style=\"line-height: 1.21em;\">\u00a0<\/span><\/a><\/li>\n<li><a title=\"Materiales\" href=\"https:\/\/www.inet.edu.ar\/index.php\/material-de-capacitacion\/desarrollo-de-contenidos\/materiales\/\"><span style=\"line-height: 1.21em;\">Materiales<\/span><span style=\"line-height: 1.21em;\">\u00a0<\/span><\/a><\/li>\n<li><a title=\"Proyecto tecnol\u00f3gico\" href=\"https:\/\/www.inet.edu.ar\/index.php\/material-de-capacitacion\/desarrollo-de-contenidos\/proyecto-tecnologico\/\"><span style=\"line-height: 1.21em;\">Proyecto tecnol\u00f3gico<\/span><span style=\"line-height: 1.21em;\">\u00a0<\/span><\/a><\/li>\n<li><a title=\"Tecnolog\u00eda de las comunicaciones\" href=\"https:\/\/www.inet.edu.ar\/index.php\/material-de-capacitacion\/desarrollo-de-contenidos\/tecnologia-de-las-comunicaciones\/\"><span style=\"line-height: 1.21em;\">Tecnolog\u00eda de las comunicaciones<\/span><span style=\"line-height: 1.21em;\">\u00a0<\/span><\/a><\/li>\n<li><a title=\"Tecnolog\u00eda qu\u00edmica en industrias de procesos\" href=\"https:\/\/www.inet.edu.ar\/index.php\/material-de-capacitacion\/desarrollo-de-contenidos\/tecnologia-quimica-en-industrias-de-procesos\/\"><span style=\"line-height: 1.21em;\">Tecnolog\u00eda qu\u00edmica en industrias de procesos<\/span><span style=\"line-height: 1.21em;\">\u00a0<\/span><\/a><\/li>\n<li><a href=\"https:\/\/www.inet.edu.ar\/index.php\/material-de-capacitacion\/desarrollo-de-contenidos\/turismo-hoteleria-y-gastronomia\/\">Turismo, Hoteler\u00eda y Gastronom\u00eda<\/a><\/li>\n<li><a title=\"Unidades de Cultura Tecnol\u00f3gica\" href=\"https:\/\/www.inet.edu.ar\/index.php\/unidades-de-cultura-tecnologica\/\"><span style=\"line-height: 1.21em;\">Unidades de Cultura Tecnol\u00f3gica<\/span><span style=\"line-height: 1.21em;\">\u00a0<\/span><\/a><\/li>\n<\/ul>\n","protected":false},"excerpt":{"rendered":"<p>Abarca materiales que permiten una profundizaci\u00f3n en los campos de problemas y de contenidos de las distintas \u00e1reas del conocimiento tecnol\u00f3gico: tecnolog\u00edas de la producci\u00f3n, gestionales, de mecanizaci\u00f3n y robotizaci\u00f3n, de aprendizaje y simulaci\u00f3n; recopila tambi\u00e9n, experiencias de capacitaci\u00f3n docente desarrolladas en cada una de estas \u00e1reas y los materiales utilizados en estas instancias. Colecciones [&hellip;]<\/p>\n","protected":false},"author":3,"featured_media":0,"parent":314,"menu_order":4,"comment_status":"closed","ping_status":"open","template":"","meta":{"footnotes":""},"class_list":["post-826","page","type-page","status-publish","hentry"],"_links":{"self":[{"href":"https:\/\/www.inet.edu.ar\/index.php\/wp-json\/wp\/v2\/pages\/826","targetHints":{"allow":["GET"]}}],"collection":[{"href":"https:\/\/www.inet.edu.ar\/index.php\/wp-json\/wp\/v2\/pages"}],"about":[{"href":"https:\/\/www.inet.edu.ar\/index.php\/wp-json\/wp\/v2\/types\/page"}],"author":[{"embeddable":true,"href":"https:\/\/www.inet.edu.ar\/index.php\/wp-json\/wp\/v2\/users\/3"}],"replies":[{"embeddable":true,"href":"https:\/\/www.inet.edu.ar\/index.php\/wp-json\/wp\/v2\/comments?post=826"}],"version-history":[{"count":9,"href":"https:\/\/www.inet.edu.ar\/index.php\/wp-json\/wp\/v2\/pages\/826\/revisions"}],"predecessor-version":[{"id":37669,"href":"https:\/\/www.inet.edu.ar\/index.php\/wp-json\/wp\/v2\/pages\/826\/revisions\/37669"}],"up":[{"embeddable":true,"href":"https:\/\/www.inet.edu.ar\/index.php\/wp-json\/wp\/v2\/pages\/314"}],"wp:attachment":[{"href":"https:\/\/www.inet.edu.ar\/index.php\/wp-json\/wp\/v2\/media?parent=826"}],"curies":[{"name":"wp","href":"https:\/\/api.w.org\/{rel}","templated":true}]}}