{"id":832,"date":"2013-02-02T10:50:17","date_gmt":"2013-02-02T13:50:17","guid":{"rendered":"https:\/\/www.inet.edu.ar\/?page_id=832"},"modified":"2023-06-06T11:50:19","modified_gmt":"2023-06-06T14:50:19","slug":"educacion-tecnologica-10-anos-de-construccion","status":"publish","type":"page","link":"https:\/\/www.inet.edu.ar\/index.php\/material-de-capacitacion\/educacion-tecnologica-10-anos-de-construccion\/","title":{"rendered":"Educaci\u00f3n tecnol\u00f3gica. 10 a\u00f1os de construcci\u00f3n"},"content":{"rendered":"<p style=\"text-align: justify;\" align=\"left\">Incluye testimonios \u2013ensayos, memorias de experiencias, informes de gesti\u00f3n, proyectos, l\u00edneas de acci\u00f3n, desarrollos de alumnos, t\u00e9sis&#8230;\u2013 que dan cuenta del trabajo de profesores, alumnos, investigadores, instituciones educativas y organismos, en el campo de la Educaci\u00f3n Tecnol\u00f3gica. Inicialmente planteado como evento conmemorativo del D\u00eda de la Educaci\u00f3n T\u00e9cnica para el 2003, es hoy un espacio abierto para cada educador que desee comunicar una ponencia a sus colegas.<\/p>\n<p style=\"text-align: justify;\" align=\"left\">Colecciones disponibles en esta serie:<\/p>\n<p style=\"text-align: justify;\" align=\"left\"><span style=\"line-height: 1.21em;\">1. Presentaci\u00f3n<\/span><\/p>\n<p style=\"text-align: justify;\" align=\"left\"><a class=\"media media-zip\" href=\"https:\/\/www.inet.edu.ar\/wp-content\/uploads\/2013\/02\/1_presentacion.zip\">Descargar<\/a><\/p>\n<p style=\"text-align: justify;\">2. Sustentos te\u00f3ricos para la Educaci\u00f3n Tecnol\u00f3gica<\/p>\n<p style=\"text-align: justify;\"><a class=\"media media-zip\" href=\"https:\/\/www.inet.edu.ar\/wp-content\/uploads\/2013\/02\/2_SustTeoricos.zip\">Descargar<\/a><\/p>\n<p style=\"text-align: justify;\">3. Tendencias en Educaci\u00f3n Tecnol\u00f3gica<\/p>\n<p style=\"text-align: justify;\"><a class=\"media media-zip\" href=\"https:\/\/www.inet.edu.ar\/wp-content\/uploads\/2013\/02\/3_Tendencias.zip\">Descargar<\/a><\/p>\n<p style=\"text-align: justify;\">4. Educaci\u00f3n Tecnol\u00f3gica en el curr\u00edculum de cada uno de los niveles del sistema educativo argentino<\/p>\n<p style=\"text-align: justify;\"><a class=\"media media-zip\" href=\"https:\/\/www.inet.edu.ar\/wp-content\/uploads\/2013\/02\/4_curriculum.zip\">Descargar<\/a><\/p>\n<p style=\"text-align: justify;\">5. Pr\u00e1cticas de Educaci\u00f3n Tecnol\u00f3gica en el aula<\/p>\n<p style=\"text-align: justify;\"><a class=\"media media-zip\" href=\"https:\/\/www.inet.edu.ar\/wp-content\/uploads\/2013\/02\/5_practicas.zip\">Descargar<\/a><\/p>\n<p style=\"text-align: justify;\">6. Formaci\u00f3n docente en Educaci\u00f3n Tecnol\u00f3gica<\/p>\n<p style=\"text-align: justify;\"><a class=\"media media-zip\" href=\"https:\/\/www.inet.edu.ar\/wp-content\/uploads\/2013\/02\/6_formdocente.zip\">Descargar<\/a><\/p>\n<p style=\"text-align: justify;\">7. Capacitaci\u00f3n docente en Educaci\u00f3n Tecnol\u00f3gica<\/p>\n<p style=\"text-align: justify;\"><a class=\"media media-zip\" href=\"https:\/\/www.inet.edu.ar\/wp-content\/uploads\/2013\/02\/7_capdocente.zip\">Descargar<\/a><\/p>\n<p style=\"text-align: justify;\">8. Programas, proyectos, acciones en Educaci\u00f3n Tecnol\u00f3gica<\/p>\n<p style=\"text-align: justify;\"><a class=\"media media-zip\" href=\"https:\/\/www.inet.edu.ar\/wp-content\/uploads\/2013\/02\/8_prog-proy-acciones.zip\">Descargar<\/a><\/p>\n<p style=\"text-align: justify;\">9. Encuentros de Educaci\u00f3n Tecnol\u00f3gica<\/p>\n<p style=\"text-align: justify;\"><a class=\"media media-zip\" href=\"https:\/\/www.inet.edu.ar\/wp-content\/uploads\/2013\/02\/9_encuentros.zip\">Descargar<\/a><\/p>\n<p style=\"text-align: justify;\">10. Reflexiones<\/p>\n<p style=\"text-align: justify;\"><a class=\"media media-zip\" href=\"https:\/\/www.inet.edu.ar\/wp-content\/uploads\/2013\/02\/10_reflexiones.zip\" data-wplink-edit=\"true\">Descargar<\/a><\/p>\n","protected":false},"excerpt":{"rendered":"<p>Incluye testimonios \u2013ensayos, memorias de experiencias, informes de gesti\u00f3n, proyectos, l\u00edneas de acci\u00f3n, desarrollos de alumnos, t\u00e9sis&#8230;\u2013 que dan cuenta del trabajo de profesores, alumnos, investigadores, instituciones educativas y organismos, en el campo de la Educaci\u00f3n Tecnol\u00f3gica. Inicialmente planteado como evento conmemorativo del D\u00eda de la Educaci\u00f3n T\u00e9cnica para el 2003, es hoy un espacio [&hellip;]<\/p>\n","protected":false},"author":3,"featured_media":0,"parent":314,"menu_order":8,"comment_status":"closed","ping_status":"open","template":"","meta":{"footnotes":""},"class_list":["post-832","page","type-page","status-publish","hentry"],"_links":{"self":[{"href":"https:\/\/www.inet.edu.ar\/index.php\/wp-json\/wp\/v2\/pages\/832","targetHints":{"allow":["GET"]}}],"collection":[{"href":"https:\/\/www.inet.edu.ar\/index.php\/wp-json\/wp\/v2\/pages"}],"about":[{"href":"https:\/\/www.inet.edu.ar\/index.php\/wp-json\/wp\/v2\/types\/page"}],"author":[{"embeddable":true,"href":"https:\/\/www.inet.edu.ar\/index.php\/wp-json\/wp\/v2\/users\/3"}],"replies":[{"embeddable":true,"href":"https:\/\/www.inet.edu.ar\/index.php\/wp-json\/wp\/v2\/comments?post=832"}],"version-history":[{"count":7,"href":"https:\/\/www.inet.edu.ar\/index.php\/wp-json\/wp\/v2\/pages\/832\/revisions"}],"predecessor-version":[{"id":37694,"href":"https:\/\/www.inet.edu.ar\/index.php\/wp-json\/wp\/v2\/pages\/832\/revisions\/37694"}],"up":[{"embeddable":true,"href":"https:\/\/www.inet.edu.ar\/index.php\/wp-json\/wp\/v2\/pages\/314"}],"wp:attachment":[{"href":"https:\/\/www.inet.edu.ar\/index.php\/wp-json\/wp\/v2\/media?parent=832"}],"curies":[{"name":"wp","href":"https:\/\/api.w.org\/{rel}","templated":true}]}}