{"id":856,"date":"2013-03-04T14:09:50","date_gmt":"2013-03-04T17:09:50","guid":{"rendered":"https:\/\/www.inet.edu.ar\/?page_id=856"},"modified":"2025-09-11T15:15:55","modified_gmt":"2025-09-11T18:15:55","slug":"planes-de-mejora-de-la-etp","status":"publish","type":"page","link":"https:\/\/www.inet.edu.ar\/index.php\/asuntos-federales\/planes-de-mejora-de-la-etp\/","title":{"rendered":"Instrumentos para la planificaci\u00f3n de la ETP"},"content":{"rendered":"\n<p><\/p>\n\n\n\n<h2 class=\"wp-block-heading\">1) Plan Estrat\u00e9gico Anual Jurisdiccional<\/h2>\n\n\n\n<p>EL PEAJ es una herramienta de planificaci\u00f3n estrat\u00e9gica que articula las diferentes pol\u00edticas para la ETP a nivel jurisdiccional.<\/p>\n\n\n\n<p>Los ejes estrat\u00e9gicos definidos por la Resoluci\u00f3n CFE N\u00b0 283\/16 para la mejora integral de la calidad son:<\/p>\n\n\n\n<ul class=\"wp-block-list\">\n<li>Eje 1: Fortalecimiento de la Trayectoria<\/li>\n\n\n\n<li>Eje 2: Vinculaci\u00f3n con los sectores cient\u00edfico-tecnol\u00f3gico y socio-productivo<\/li>\n\n\n\n<li>Eje 3: Desarrollo Profesional Docente<\/li>\n\n\n\n<li>Eje 4: Mejora de entornos formativos<\/li>\n<\/ul>\n\n\n\n<p>Partiendo del an\u00e1lisis de la informaci\u00f3n cuantitativa sobre la modalidad (retenci\u00f3n, abandono, desgranamiento, repitencia, matr\u00edcula por regi\u00f3n, certificaciones emitidas por familia profesional, etc.), se elabora un diagn\u00f3stico a partir del cual se priorizan los nudos cr\u00edticos a abordar, los objetivos y las l\u00edneas de acci\u00f3n a implementar.<\/p>\n\n\n\n<p>El PEAJ se operacionaliza a trav\u00e9s de los Planes de Mejora. \u00c9stos pueden ser Jurisdiccionales o Institucionales.<\/p>\n\n\n\n<p>A partir de la Disposici\u00f3n INET N\u00b0 1\/24 el Plan estrat\u00e9gico es plurianual y se elabora para el per\u00edodo 2024-2027. Se establecen objetivos generales para ser alcanzados durante este periodo y responden a cada uno de los ejes en los que se estructura el Plan. Para cada uno de los subejes se establecen objetivos m\u00e1s espec\u00edficos para ser alcanzados durante el a\u00f1o en curso.<\/p>\n\n\n\n<h2 class=\"wp-block-heading\">2) Planes de Mejora Jurisdiccionales<\/h2>\n\n\n\n<p>Los Planes de Mejora Jurisdiccionales tienen que enmarcarse en el Plan Anual Jurisdiccional (PEAJ) y pueden presentarse para los siguientes ejes, subejes y l\u00edneas de acci\u00f3n.<\/p>\n\n\n\n<p><strong>Eje Estrat\u00e9gico 1. Fortalecimiento de la Trayectoria<\/strong><br><em>1.1. Inclusi\u00f3n, revinculaci\u00f3n y promoci\u00f3n de la equidad<\/em><br>a) Estrategias de revinculaci\u00f3n y de reingreso escolar<br>b) Estrategias para la promoci\u00f3n de la equidad de g\u00e9nero.<br>c) Acciones de inclusi\u00f3n para personas con discapacidad<br>d) Acciones para estudiantes en situaci\u00f3n de encierro<\/p>\n\n\n\n<p><em>1.2. Fortalecimiento de las acciones pedag\u00f3gicas y materiales para la escolaridad<\/em>. <em>Mejora de la comprensi\u00f3n lectora, expresi\u00f3n oral, saberes matem\u00e1ticos y digitales de los estudiantes<\/em><br>a) Apoyo y acompa\u00f1amiento a los y las estudiantes. Proyectos de mejora en Lengua, Matem\u00e1tica y saberes digitales<br>b) Acciones para favorecer el completamiento de la ETP del Nivel Secundario<br>c) Mochila t\u00e9cnica para estudiantes<br>d) Traslados para estudiantes<br>e) Equipamiento para albergues, gimnasios y comedores estudiantiles<\/p>\n\n\n\n<p><em>1.3. Innovaciones en la ETP de FP y Nivel Secundario y Superior<\/em><br>a) Educaci\u00f3n Profesional Secundaria (Resoluci\u00f3n CFE N\u00b0 409\/21).<br>b) Participaci\u00f3n en Encuentros Educativos de la ETP: Mesa de J\u00f3venes de ETP, Encuentros de equipos t\u00e9cnicos de cooperaci\u00f3n horizontal, Participaci\u00f3n en Olimp\u00edadas, T\u00e9cnicamente y Feria de Ciencias jurisdiccional\/regional, entre otros.<br>c) Capacitaciones Laborales de Alcance Nacional<\/p>\n\n\n\n<p><strong>&nbsp;<\/strong><\/p>\n\n\n\n<p><strong>Eje Estrat\u00e9gico 2. Vinculaci\u00f3n con los Sectores Cient\u00edfico-Tecnol\u00f3gico y Socio-Productivo<\/strong><\/p>\n\n\n\n<p><em>2.1. Educaci\u00f3n y Trabajo<\/em>: <em>Vinculaci\u00f3n din\u00e1mica con los sectores de la producci\u00f3n y tecnol\u00f3gicos<\/em><br>a) Acciones para favorecer la realizaci\u00f3n de Pr\u00e1cticas Profesionalizantes.<br>b) Proyectos de Desarrollo Local en vinculaci\u00f3n con los sectores socio-productivos<br>c) Visitas did\u00e1cticas y viajes de estudio vinculados con las orientaciones y\/o especialidades de las trayectorias formativas de la ETP<br>d) Acciones tendientes a la protecci\u00f3n y sostenibilidad ambiental<\/p>\n\n\n\n<p><em>2.2. Desarrollo curricular en ETP<\/em> <em>y actualizaci\u00f3n de dise\u00f1os curriculares<\/em><br>a) Acciones para fortalecer el desarrollo curricular de la ETP<br>b) Acciones que involucran a los sectores cient\u00edfico-tecnol\u00f3gicos y socio-productivos para la actualizaci\u00f3n de dise\u00f1os curriculares y programas de FP<\/p>\n\n\n\n<p><strong>&nbsp;<\/strong><\/p>\n\n\n\n<p><strong>Eje Estrat\u00e9gico 3. Desarrollo Profesional Docente<\/strong><\/p>\n\n\n\n<p><em>3.1. Fortalecimiento de la Formaci\u00f3n Docente<\/em><br>a) Formaci\u00f3n Docente Inicial.<br>b) Formaci\u00f3n Docente Continua<br>c) Formaci\u00f3n de Instructores\/as<\/p>\n\n\n\n<p><em>3.2. Fortalecimiento de la gesti\u00f3n jurisdiccional y de la gesti\u00f3n institucional<\/em><br>a) Acciones tendientes al desarrollo profesional para equipos directivos, de inspectores y\/o supervisores y de equipos t\u00e9cnicos<br>b) Acompa\u00f1amiento y asistencia t\u00e9cnica a las instituciones de ETP<br>c) Autoevaluaci\u00f3n Institucional<\/p>\n\n\n\n<p><strong>&nbsp;<\/strong><\/p>\n\n\n\n<p><strong>Eje Estrat\u00e9gico 4. Mejora de Entornos Formativos<\/strong><\/p>\n\n\n\n<p><em>4.1. Equipamiento de los entornos institucionales<\/em><br>a) Equipamiento, materiales e insumos para el desarrollo de actividades y uso seguro del entorno formativo en talleres, laboratorios y espacios productivos<br>b) Acciones para el equipamiento integral de bibliotecas<br>c) Tecnolog\u00edas de la Informaci\u00f3n y de la Comunicaci\u00f3n: Conectividad, Red de datos y Administradores de Red<\/p>\n\n\n\n<p><em>4.2. Infraestructura f\u00edsica de instituciones de ETP<\/em><br>a) Obras nuevas (fuera del Fondo Provincial)<br>b) Ampliaci\u00f3n y refacci\u00f3n<br>c) Obras menores (fuera del Fondo Provincial)<\/p>\n\n\n\n<p><em>4.3. Aulas Talleres M\u00f3viles<\/em><br>a) Funcionamiento de las Aulas Talleres M\u00f3viles<\/p>\n\n\n\n<p><strong>PRONAFE<\/strong><br><a href=\"https:\/\/www.inet.edu.ar\/index.php\/pronafe\/\" data-type=\"link\" data-id=\"https:\/\/www.inet.edu.ar\/index.php\/pronafe\/\"><strong>Programa Nacional de Enfermer\u00eda<\/strong><\/a> (PRONAFE), Resoluci\u00f3n CFE N\u00b0 290\/16<\/p>\n\n\n\n<p><br><\/p>\n\n\n\n<h2 class=\"wp-block-heading\">3) Plan de Mejora Institucional<\/h2>\n\n\n\n<p>Para la presentaci\u00f3n de los Planes de Mejora Institucionales, los establecimientos deben comunicarse directamente con su jurisdicci\u00f3n para la presentaci\u00f3n de los mismos, a trav\u00e9s del supervisor de su zona o -en su defecto- con el equipo t\u00e9cnico de su jurisdicci\u00f3n.<\/p>\n\n\n\n<hr class=\"wp-block-separator has-alpha-channel-opacity\"\/>\n\n\n\n<p><em>Archivos relacionados<\/em><\/p>\n\n\n\n<p><strong><a href=\"https:\/\/www.inet.edu.ar\/wp-content\/uploads\/2025\/02\/Disposicion-895-24-Planificacion-2025-Cuerpo.pdf\" data-type=\"link\" data-id=\"https:\/\/www.inet.edu.ar\/wp-content\/uploads\/2025\/02\/Disposicion-895-24-Planificacion-2025-Cuerpo.pdf\" target=\"_blank\" rel=\"noreferrer noopener\">Disposici\u00f3n INET N\u00b0 2\/2025<\/a><\/strong>\u00a0<\/p>\n\n\n\n<p><a href=\"https:\/\/www.inet.edu.ar\/wp-content\/uploads\/2025\/02\/3-Recomendaciones-y-Criterios-PMI-2025.pdf\" data-type=\"link\" data-id=\"https:\/\/www.inet.edu.ar\/wp-content\/uploads\/2025\/02\/3-Recomendaciones-y-Criterios-PMI-2025.pdf\" target=\"_blank\" rel=\"noreferrer noopener\"><strong>Recomendaciones 2025 para Planes de Mejora Institucionales<\/strong><\/a><\/p>\n\n\n\n<p><strong><a href=\"https:\/\/www.inet.edu.ar\/wp-content\/uploads\/2025\/02\/2-Recomendaciones-y-Criterios-PMJ-2025.pdf\" data-type=\"link\" data-id=\"https:\/\/www.inet.edu.ar\/wp-content\/uploads\/2025\/02\/2-Recomendaciones-y-Criterios-PMJ-2025.pdf\" target=\"_blank\" rel=\"noreferrer noopener\">Recomendaciones 2025 para Planes de Mejora Jurisdiccionales<\/a><\/strong><\/p>\n\n\n\n<hr class=\"wp-block-separator has-alpha-channel-opacity\"\/>\n\n\n\n<p><em>Formularios<\/em><\/p>\n\n\n\n<p><span lang=\"ES\"><a href=\"https:\/\/www.inet.edu.ar\/wp-content\/uploads\/2025\/02\/Formulario-PMJ-Articulador_2025.zip\"><strong>Formulario Plan de Mejora Jurisdiccional Articulador 2025<\/strong><\/a><\/span><\/p>\n\n\n\n<p><span lang=\"ES\"><strong><a href=\"https:\/\/www.inet.edu.ar\/wp-content\/uploads\/2025\/02\/Formulario-PMI-Articulador-2025.zip\">Formulario Plan de Mejora Institucional Articulador 2025<\/a><\/strong><\/span>. L<span lang=\"ES\">as instituciones deben comunicarse directamente con su jurisdicci\u00f3n para la presentaci\u00f3n de los mismos<\/span>, a trav\u00e9s del supervisor de su zona o en su defecto con el equipo t\u00e9cnico de su jurisdicci\u00f3n.<\/p>\n","protected":false},"excerpt":{"rendered":"<p>1) Plan Estrat\u00e9gico Anual Jurisdiccional EL PEAJ es una herramienta de planificaci\u00f3n estrat\u00e9gica que articula las diferentes pol\u00edticas para la ETP a nivel jurisdiccional. Los ejes estrat\u00e9gicos definidos por la Resoluci\u00f3n CFE N\u00b0 283\/16 para la mejora integral de la calidad son: Partiendo del an\u00e1lisis de la informaci\u00f3n cuantitativa sobre la modalidad (retenci\u00f3n, abandono, desgranamiento, [&hellip;]<\/p>\n","protected":false},"author":3,"featured_media":0,"parent":10176,"menu_order":2,"comment_status":"closed","ping_status":"open","template":"","meta":{"footnotes":""},"class_list":["post-856","page","type-page","status-publish","hentry"],"_links":{"self":[{"href":"https:\/\/www.inet.edu.ar\/index.php\/wp-json\/wp\/v2\/pages\/856","targetHints":{"allow":["GET"]}}],"collection":[{"href":"https:\/\/www.inet.edu.ar\/index.php\/wp-json\/wp\/v2\/pages"}],"about":[{"href":"https:\/\/www.inet.edu.ar\/index.php\/wp-json\/wp\/v2\/types\/page"}],"author":[{"embeddable":true,"href":"https:\/\/www.inet.edu.ar\/index.php\/wp-json\/wp\/v2\/users\/3"}],"replies":[{"embeddable":true,"href":"https:\/\/www.inet.edu.ar\/index.php\/wp-json\/wp\/v2\/comments?post=856"}],"version-history":[{"count":65,"href":"https:\/\/www.inet.edu.ar\/index.php\/wp-json\/wp\/v2\/pages\/856\/revisions"}],"predecessor-version":[{"id":40940,"href":"https:\/\/www.inet.edu.ar\/index.php\/wp-json\/wp\/v2\/pages\/856\/revisions\/40940"}],"up":[{"embeddable":true,"href":"https:\/\/www.inet.edu.ar\/index.php\/wp-json\/wp\/v2\/pages\/10176"}],"wp:attachment":[{"href":"https:\/\/www.inet.edu.ar\/index.php\/wp-json\/wp\/v2\/media?parent=856"}],"curies":[{"name":"wp","href":"https:\/\/api.w.org\/{rel}","templated":true}]}}