{"id":8560,"date":"2015-11-06T13:37:17","date_gmt":"2015-11-06T16:37:17","guid":{"rendered":"https:\/\/www.inet.edu.ar\/?page_id=8560"},"modified":"2018-03-05T17:31:51","modified_gmt":"2018-03-05T20:31:51","slug":"evaluacion-de-capacidades-profesionales-res-cfe-26615","status":"publish","type":"page","link":"https:\/\/www.inet.edu.ar\/index.php\/material-de-capacitacion\/evaluacion-de-capacidades-profesionales-res-cfe-26615\/","title":{"rendered":"Evaluaci\u00f3n de Capacidades Profesionales (Res. CFE 266\/15)"},"content":{"rendered":"<p style=\"text-align: justify;\">La especificidad de la escuela t\u00e9cnica, caracterizada porque la formaci\u00f3n integral de los estudiantes incluye, adem\u00e1s de una s\u00f3lida formaci\u00f3n general, la adquisici\u00f3n de capacidades profesionales vinculadas a un perfil profesional determinado, exige el desarrollo de estrategias de evaluaci\u00f3n que respondan a dicha especificidad.<\/p>\n<p style=\"text-align: justify;\">La necesidad de profundizar en una reflexi\u00f3n sistem\u00e1tica sobre los procesos de evaluaci\u00f3n de capacidades profesionales en la ETP, ha llevado al INET a la elaboraci\u00f3n de un documento, destinado a los docentes de la educaci\u00f3n t\u00e9cnico profesional de nivel secundario, con el prop\u00f3sito de aportar elementos que contribuyan a una discusi\u00f3n te\u00f3rica y metodol\u00f3gica respecto a los procesos de evaluaci\u00f3n de capacidades profesionales y, con ello, optimizar su pr\u00e1ctica docente.<\/p>\n<p style=\"text-align: justify;\">Este documento recupera los intercambios que se realizaron con equipos t\u00e9cnicos jurisdiccionales y con docentes del segundo ciclo de la ETP, quienes realizaron valiosos aportes para la elaboraci\u00f3n de este material.<\/p>\n<p>&nbsp;<\/p>\n<p><a class=\"media media-pdf\" href=\"https:\/\/www.inet.edu.ar\/wp-content\/uploads\/2015\/11\/Evaluacion-de-Capacidades-Profesionales.pdf\" target=\"_blank\">Evaluacion de Capacidades Profesionales<\/a><\/p>\n","protected":false},"excerpt":{"rendered":"<p>La especificidad de la escuela t\u00e9cnica, caracterizada porque la formaci\u00f3n integral de los estudiantes incluye, adem\u00e1s de una s\u00f3lida formaci\u00f3n general, la adquisici\u00f3n de capacidades profesionales vinculadas a un perfil profesional determinado, exige el desarrollo de estrategias de evaluaci\u00f3n que respondan a dicha especificidad. La necesidad de profundizar en una reflexi\u00f3n sistem\u00e1tica sobre los procesos [&hellip;]<\/p>\n","protected":false},"author":3,"featured_media":0,"parent":314,"menu_order":11,"comment_status":"closed","ping_status":"open","template":"","meta":{"footnotes":""},"class_list":["post-8560","page","type-page","status-publish","hentry"],"_links":{"self":[{"href":"https:\/\/www.inet.edu.ar\/index.php\/wp-json\/wp\/v2\/pages\/8560","targetHints":{"allow":["GET"]}}],"collection":[{"href":"https:\/\/www.inet.edu.ar\/index.php\/wp-json\/wp\/v2\/pages"}],"about":[{"href":"https:\/\/www.inet.edu.ar\/index.php\/wp-json\/wp\/v2\/types\/page"}],"author":[{"embeddable":true,"href":"https:\/\/www.inet.edu.ar\/index.php\/wp-json\/wp\/v2\/users\/3"}],"replies":[{"embeddable":true,"href":"https:\/\/www.inet.edu.ar\/index.php\/wp-json\/wp\/v2\/comments?post=8560"}],"version-history":[{"count":3,"href":"https:\/\/www.inet.edu.ar\/index.php\/wp-json\/wp\/v2\/pages\/8560\/revisions"}],"predecessor-version":[{"id":23960,"href":"https:\/\/www.inet.edu.ar\/index.php\/wp-json\/wp\/v2\/pages\/8560\/revisions\/23960"}],"up":[{"embeddable":true,"href":"https:\/\/www.inet.edu.ar\/index.php\/wp-json\/wp\/v2\/pages\/314"}],"wp:attachment":[{"href":"https:\/\/www.inet.edu.ar\/index.php\/wp-json\/wp\/v2\/media?parent=8560"}],"curies":[{"name":"wp","href":"https:\/\/api.w.org\/{rel}","templated":true}]}}