{"id":90,"date":"2012-10-31T14:56:25","date_gmt":"2012-10-31T14:56:25","guid":{"rendered":"https:\/\/www.inet.edu.ar\/?page_id=90"},"modified":"2015-02-19T16:30:39","modified_gmt":"2015-02-19T19:30:39","slug":"procesos-de-homologacion-2","status":"publish","type":"page","link":"https:\/\/www.inet.edu.ar\/index.php\/politicas-y-programas\/procesos-de-homologacion-2\/","title":{"rendered":"Procesos de Homologaci\u00f3n"},"content":{"rendered":"<p>La <a title=\"Ley de Educaci\u00f3n T\u00e9cnico Profesional\" href=\"https:\/\/www.inet.edu.ar\/normativa\/ley-de-educacion-tecnico-profesional\/\" target=\"_blank\">Ley de Educaci\u00f3n T\u00e9cnico Profesional<\/a> instituye el <em>proceso <\/em>de homologaci\u00f3n de t\u00edtulos de la educaci\u00f3n t\u00e9cnica de nivel Secundario y de nivel Superior y de certificaciones de Formaci\u00f3n Profesional, y establece las instancias de intervenci\u00f3n y criterios generales sobre los<em> procedimientos<\/em> a seguir para llevar a cabo dicho proceso.<\/p>\n<p><span style=\"line-height: 1.21em;\">Los prop\u00f3sitos que asume el proceso de homologaci\u00f3n, en tanto instrumento para la mejora continua de la Educaci\u00f3n T\u00e9cnico Profesional, se orientan a:<\/span><\/p>\n<ol start=\"1\">\n<li>Dar unidad nacional y organicidad a la Educaci\u00f3n T\u00e9cnico Profesional, respetando la diversidad federal de las propuestas formativas.<\/li>\n<li>Garantizar el derecho de los estudiantes y de los egresados a que sus estudios, certificados y t\u00edtulos acrediten calidad equivalente y sean reconocidos en todo el territorio nacional.<\/li>\n<li>Promover la calidad, la pertinencia y la actualizaci\u00f3n permanente de las ofertas formativas de Educaci\u00f3n T\u00e9cnico Profesional.<\/li>\n<li>Facilitar el reconocimiento de los estudios de los egresados por los respectivos Colegios, Consejos Profesionales y organismos de control del ejercicio profesional.<\/li>\n<\/ol>\n<p><span style=\"line-height: 1.21em;\">El proceso de homologaci\u00f3n consiste en el an\u00e1lisis de planes de estudio jurisdiccionales relativos a titulaciones t\u00e9cnicas o certificados de Formaci\u00f3n Profesional, y su evaluaci\u00f3n comparativa con el conjunto de criterios b\u00e1sicos y est\u00e1ndares acordados federalmente, a efectos de establecer su correspondencia.<\/span><\/p>\n<p><span style=\"line-height: 1.21em;\">Estos criterios est\u00e1n referidos a perfil profesional y trayectoria formativa y est\u00e1n enunciados en los respectivos <\/span><em style=\"line-height: 1.21em;\">marcos de referencia <\/em><span style=\"line-height: 1.21em;\">aprobados por el Consejo Federal de Educaci\u00f3n.<\/span><\/p>\n<p>&nbsp;<\/p>\n","protected":false},"excerpt":{"rendered":"<p>La Ley de Educaci\u00f3n T\u00e9cnico Profesional instituye el proceso de homologaci\u00f3n de t\u00edtulos de la educaci\u00f3n t\u00e9cnica de nivel Secundario y de nivel Superior y de certificaciones de Formaci\u00f3n Profesional, y establece las instancias de intervenci\u00f3n y criterios generales sobre los procedimientos a seguir para llevar a cabo dicho proceso. Los prop\u00f3sitos que asume el [&hellip;]<\/p>\n","protected":false},"author":3,"featured_media":0,"parent":62,"menu_order":1,"comment_status":"closed","ping_status":"open","template":"","meta":{"footnotes":""},"class_list":["post-90","page","type-page","status-publish","hentry"],"_links":{"self":[{"href":"https:\/\/www.inet.edu.ar\/index.php\/wp-json\/wp\/v2\/pages\/90","targetHints":{"allow":["GET"]}}],"collection":[{"href":"https:\/\/www.inet.edu.ar\/index.php\/wp-json\/wp\/v2\/pages"}],"about":[{"href":"https:\/\/www.inet.edu.ar\/index.php\/wp-json\/wp\/v2\/types\/page"}],"author":[{"embeddable":true,"href":"https:\/\/www.inet.edu.ar\/index.php\/wp-json\/wp\/v2\/users\/3"}],"replies":[{"embeddable":true,"href":"https:\/\/www.inet.edu.ar\/index.php\/wp-json\/wp\/v2\/comments?post=90"}],"version-history":[{"count":10,"href":"https:\/\/www.inet.edu.ar\/index.php\/wp-json\/wp\/v2\/pages\/90\/revisions"}],"predecessor-version":[{"id":1607,"href":"https:\/\/www.inet.edu.ar\/index.php\/wp-json\/wp\/v2\/pages\/90\/revisions\/1607"}],"up":[{"embeddable":true,"href":"https:\/\/www.inet.edu.ar\/index.php\/wp-json\/wp\/v2\/pages\/62"}],"wp:attachment":[{"href":"https:\/\/www.inet.edu.ar\/index.php\/wp-json\/wp\/v2\/media?parent=90"}],"curies":[{"name":"wp","href":"https:\/\/api.w.org\/{rel}","templated":true}]}}