{"id":910,"date":"2013-03-19T16:12:34","date_gmt":"2013-03-19T19:12:34","guid":{"rendered":"https:\/\/www.inet.edu.ar\/?page_id=910"},"modified":"2013-04-05T17:01:07","modified_gmt":"2013-04-05T20:01:07","slug":"marcos-de-referencia","status":"publish","type":"page","link":"https:\/\/www.inet.edu.ar\/index.php\/politicas-y-programas\/procesos-de-homologacion-2\/marcos-de-referencia\/","title":{"rendered":"Marcos de Referencia"},"content":{"rendered":"<p>Los marcos de referencia enuncian el conjunto de los criterios b\u00e1sicos y est\u00e1ndares que definen y caracterizan los aspectos sustantivos a ser considerados en el proceso de homologaci\u00f3n de los t\u00edtulos o certificados y sus correspondientes ofertas formativas.<\/p>\n","protected":false},"excerpt":{"rendered":"<p>Los marcos de referencia enuncian el conjunto de los criterios b\u00e1sicos y est\u00e1ndares que definen y caracterizan los aspectos sustantivos a ser considerados en el proceso de homologaci\u00f3n de los t\u00edtulos o certificados y sus correspondientes ofertas formativas.<\/p>\n","protected":false},"author":3,"featured_media":0,"parent":90,"menu_order":0,"comment_status":"closed","ping_status":"open","template":"","meta":{"footnotes":""},"class_list":["post-910","page","type-page","status-publish","hentry"],"_links":{"self":[{"href":"https:\/\/www.inet.edu.ar\/index.php\/wp-json\/wp\/v2\/pages\/910","targetHints":{"allow":["GET"]}}],"collection":[{"href":"https:\/\/www.inet.edu.ar\/index.php\/wp-json\/wp\/v2\/pages"}],"about":[{"href":"https:\/\/www.inet.edu.ar\/index.php\/wp-json\/wp\/v2\/types\/page"}],"author":[{"embeddable":true,"href":"https:\/\/www.inet.edu.ar\/index.php\/wp-json\/wp\/v2\/users\/3"}],"replies":[{"embeddable":true,"href":"https:\/\/www.inet.edu.ar\/index.php\/wp-json\/wp\/v2\/comments?post=910"}],"version-history":[{"count":3,"href":"https:\/\/www.inet.edu.ar\/index.php\/wp-json\/wp\/v2\/pages\/910\/revisions"}],"predecessor-version":[{"id":1164,"href":"https:\/\/www.inet.edu.ar\/index.php\/wp-json\/wp\/v2\/pages\/910\/revisions\/1164"}],"up":[{"embeddable":true,"href":"https:\/\/www.inet.edu.ar\/index.php\/wp-json\/wp\/v2\/pages\/90"}],"wp:attachment":[{"href":"https:\/\/www.inet.edu.ar\/index.php\/wp-json\/wp\/v2\/media?parent=910"}],"curies":[{"name":"wp","href":"https:\/\/api.w.org\/{rel}","templated":true}]}}