{"id":934,"date":"2013-03-22T10:23:41","date_gmt":"2013-03-22T13:23:41","guid":{"rendered":"https:\/\/www.inet.edu.ar\/?page_id=934"},"modified":"2023-12-06T09:58:32","modified_gmt":"2023-12-06T12:58:32","slug":"catalogo-nacional-de-titulos-y-certificaciones-2","status":"publish","type":"page","link":"https:\/\/www.inet.edu.ar\/index.php\/estudios-investigaciones\/catalogo-nacional-de-titulos-y-certificaciones-2\/","title":{"rendered":"Cat\u00e1logo Nacional de T\u00edtulos y Certificaciones"},"content":{"rendered":"<p><span style=\"line-height: 1.21em;\">El Cat\u00e1logo Nacional de T\u00edtulos y Certificaciones de Educaci\u00f3n T\u00e9cnico Profesional, publicado desde junio de 2013 en cumplimiento de la <a title=\"Ley de Educaci\u00f3n T\u00e9cnico Profesional\" href=\"https:\/\/www.inet.edu.ar\/normativa\/ley-de-educacion-tecnico-profesional\/\" target=\"_blank\" rel=\"noopener\">Ley de Educaci\u00f3n T\u00e9cnico Profesional (N\u00ba 26.058)<\/a>, constituye la puesta en marcha y funcionamiento de un servicio permanente de informaci\u00f3n actualizada y de acceso p\u00fablico sobre certificaciones y t\u00edtulos y sus correspondientes ofertas formativas de Educaci\u00f3n T\u00e9cnico Profesional.<\/span><\/p>\n<p>&nbsp;<\/p>\n<p><strong style=\"line-height: 1.21em;\">\u00bfCu\u00e1l es la fuente de informaci\u00f3n del Cat\u00e1logo?<\/strong><\/p>\n<p>El Cat\u00e1logo se actualiza con la informaci\u00f3n suministrada por cada una de las jurisdicciones (las 23 provincias y la Ciudad Aut\u00f3noma de Buenos Aires) que conforman la base de datos del Registro Federal de Instituciones de Educaci\u00f3n T\u00e9cnico Profesional, siendo el INET el organismo responsable de su administraci\u00f3n.<\/p>\n<p>&nbsp;<\/p>\n<p><strong>\u00bfCu\u00e1l es el prop\u00f3sito del Cat\u00e1logo?<\/strong><\/p>\n<p>El Cat\u00e1logo ofrece un servicio permanente de informaci\u00f3n actualizada sobre t\u00edtulos t\u00e9cnicos y certificaciones de formaci\u00f3n profesional, destinado a j\u00f3venes y adultos que buscan informaci\u00f3n sobre dicha oferta educativa en todo el pa\u00eds.<\/p>\n<p>&nbsp;<\/p>\n<p><strong>\u00bfQu\u00e9 informaci\u00f3n tiene el cat\u00e1logo?<\/strong><\/p>\n<p>En\u00a0<a href=\"https:\/\/catalogo-inet.educacion.gob.ar\/\">catalogo-inet.educacion.gob.ar<\/a> se encuentra publicada la oferta de educaci\u00f3n t\u00e9cnico profesional de nivel secundario, superior y formaci\u00f3n profesional de gesti\u00f3n estatal y privada.<\/p>\n<p>El sitio dispone de una \u201cGu\u00eda del Estudiante\u201d, en la cual se pueden realizar b\u00fasquedas por distintos criterios: nivel de formaci\u00f3n, \u00e1mbito de gesti\u00f3n, jurisdicci\u00f3n, nombre del t\u00edtulo o certificado, y sector socioproductivo.<\/p>\n<p>Posee otro buscador seg\u00fan \u201cInstituciones\u201d y tambi\u00e9n por tipo de oferta, ya sea Secundario T\u00e9cnico, Superior T\u00e9cnico o Formaci\u00f3n Profesional.<\/p>\n<p>&nbsp;<\/p>\n<p>Actualmente est\u00e1n publicados un total de 35.120 t\u00edtulos y certificados que se ofertan en 4.719 instituciones educativas de gesti\u00f3n estatal y privada, de las cuales 1.582 son Secundarios t\u00e9cnicos, 1.104 Institutos Superiores y 2.033 Centros de Formaci\u00f3n Profesional.<\/p>\n<p>&nbsp;<\/p>\n<p><strong>\u00bfC\u00f3mo actualizan su informaci\u00f3n las Instituciones Educativas?<\/strong><\/p>\n<p>Las instituciones educativas actualizan su informaci\u00f3n a trav\u00e9s del Registro Federal de Instituciones de ETP. Si tuviesen alguna observaci\u00f3n o aclaraci\u00f3n atinente a informar los datos a actualizar, se pueden contactar directamente con los contactos.<\/p>\n<p>&nbsp;<\/p>\n<p><strong>Contacto: <\/strong><a href=\"https:\/\/catalogo-inet.educacion.gob.ar\/contacto\">https:\/\/catalogo-inet.educacion.gob.ar\/contacto<\/a><strong><br \/>\n<\/strong><\/p>\n<p><strong>Tel\u00e9fono: <\/strong>(011) 4129-2032<\/p>\n<p>&nbsp;<\/p>\n","protected":false},"excerpt":{"rendered":"<p>El Cat\u00e1logo Nacional de T\u00edtulos y Certificaciones de Educaci\u00f3n T\u00e9cnico Profesional, publicado desde junio de 2013 en cumplimiento de la Ley de Educaci\u00f3n T\u00e9cnico Profesional (N\u00ba 26.058), constituye la puesta en marcha y funcionamiento de un servicio permanente de informaci\u00f3n actualizada y de acceso p\u00fablico sobre certificaciones y t\u00edtulos y sus correspondientes ofertas formativas de [&hellip;]<\/p>\n","protected":false},"author":3,"featured_media":0,"parent":92,"menu_order":2,"comment_status":"closed","ping_status":"open","template":"","meta":{"footnotes":""},"class_list":["post-934","page","type-page","status-publish","hentry"],"_links":{"self":[{"href":"https:\/\/www.inet.edu.ar\/index.php\/wp-json\/wp\/v2\/pages\/934","targetHints":{"allow":["GET"]}}],"collection":[{"href":"https:\/\/www.inet.edu.ar\/index.php\/wp-json\/wp\/v2\/pages"}],"about":[{"href":"https:\/\/www.inet.edu.ar\/index.php\/wp-json\/wp\/v2\/types\/page"}],"author":[{"embeddable":true,"href":"https:\/\/www.inet.edu.ar\/index.php\/wp-json\/wp\/v2\/users\/3"}],"replies":[{"embeddable":true,"href":"https:\/\/www.inet.edu.ar\/index.php\/wp-json\/wp\/v2\/comments?post=934"}],"version-history":[{"count":19,"href":"https:\/\/www.inet.edu.ar\/index.php\/wp-json\/wp\/v2\/pages\/934\/revisions"}],"predecessor-version":[{"id":37039,"href":"https:\/\/www.inet.edu.ar\/index.php\/wp-json\/wp\/v2\/pages\/934\/revisions\/37039"}],"up":[{"embeddable":true,"href":"https:\/\/www.inet.edu.ar\/index.php\/wp-json\/wp\/v2\/pages\/92"}],"wp:attachment":[{"href":"https:\/\/www.inet.edu.ar\/index.php\/wp-json\/wp\/v2\/media?parent=934"}],"curies":[{"name":"wp","href":"https:\/\/api.w.org\/{rel}","templated":true}]}}